{"id":93,"date":"2023-06-12T21:58:41","date_gmt":"2023-06-12T19:58:41","guid":{"rendered":"https:\/\/ladansedelours.fr\/?page_id=93"},"modified":"2025-10-24T09:31:50","modified_gmt":"2025-10-24T07:31:50","slug":"zaapa","status":"publish","type":"page","link":"https:\/\/ladansedelours.fr\/index.php\/zaapa\/","title":{"rendered":"Zaapa"},"content":{"rendered":"\t\t<div data-elementor-type=\"wp-page\" data-elementor-id=\"93\" class=\"elementor elementor-93\">\n\t\t\t\t\t\t\t\t\t<section class=\"elementor-section elementor-top-section elementor-element elementor-element-d0dc8c6 elementor-section-boxed elementor-section-height-default elementor-section-height-default\" data-id=\"d0dc8c6\" data-element_type=\"section\">\n\t\t\t\t\t\t<div class=\"elementor-container elementor-column-gap-default\">\n\t\t\t\t\t<div class=\"elementor-column elementor-col-100 elementor-top-column elementor-element elementor-element-7fae1d4\" data-id=\"7fae1d4\" data-element_type=\"column\">\n\t\t\t<div class=\"elementor-widget-wrap elementor-element-populated\">\n\t\t\t\t\t\t\t\t<div class=\"elementor-element elementor-element-ab8db15 elementor-widget elementor-widget-heading\" data-id=\"ab8db15\" data-element_type=\"widget\" data-widget_type=\"heading.default\">\n\t\t\t\t<div class=\"elementor-widget-container\">\n\t\t\t<style>\/*! elementor - v3.11.3 - 07-03-2023 *\/\n.elementor-heading-title{padding:0;margin:0;line-height:1}.elementor-widget-heading .elementor-heading-title[class*=elementor-size-]>a{color:inherit;font-size:inherit;line-height:inherit}.elementor-widget-heading .elementor-heading-title.elementor-size-small{font-size:15px}.elementor-widget-heading .elementor-heading-title.elementor-size-medium{font-size:19px}.elementor-widget-heading .elementor-heading-title.elementor-size-large{font-size:29px}.elementor-widget-heading .elementor-heading-title.elementor-size-xl{font-size:39px}.elementor-widget-heading .elementor-heading-title.elementor-size-xxl{font-size:59px}<\/style><h2 class=\"elementor-heading-title elementor-size-default\">Ale ambr\u00e9e am\u00e9ricaine (un peu belge...)<\/h2>\t\t<\/div>\n\t\t\t\t<\/div>\n\t\t\t\t\t<\/div>\n\t\t<\/div>\n\t\t\t\t\t\t\t<\/div>\n\t\t<\/section>\n\t\t\t\t<section class=\"elementor-section elementor-top-section elementor-element elementor-element-7ecf7c5 elementor-section-boxed elementor-section-height-default elementor-section-height-default\" data-id=\"7ecf7c5\" data-element_type=\"section\">\n\t\t\t\t\t\t<div class=\"elementor-container elementor-column-gap-default\">\n\t\t\t\t\t<div class=\"elementor-column elementor-col-100 elementor-top-column elementor-element elementor-element-30eb7f1\" data-id=\"30eb7f1\" data-element_type=\"column\">\n\t\t\t<div class=\"elementor-widget-wrap elementor-element-populated\">\n\t\t\t\t\t\t\t\t<div class=\"elementor-element elementor-element-08fd82e elementor-widget elementor-widget-image\" data-id=\"08fd82e\" data-element_type=\"widget\" data-widget_type=\"image.default\">\n\t\t\t\t<div class=\"elementor-widget-container\">\n\t\t\t<style>\/*! elementor - v3.11.3 - 07-03-2023 *\/\n.elementor-widget-image{text-align:center}.elementor-widget-image a{display:inline-block}.elementor-widget-image a img[src$=\".svg\"]{width:48px}.elementor-widget-image img{vertical-align:middle;display:inline-block}<\/style>\t\t\t\t\t\t\t\t\t\t\t\t<img loading=\"lazy\" decoding=\"async\" width=\"1024\" height=\"883\" src=\"https:\/\/ladansedelours.fr\/wp-content\/uploads\/2025\/10\/ZAAPA-BIO-33-1024x883.jpg\" class=\"attachment-large size-large wp-image-997\" alt=\"\" srcset=\"https:\/\/ladansedelours.fr\/wp-content\/uploads\/2025\/10\/ZAAPA-BIO-33-1024x883.jpg 1024w, https:\/\/ladansedelours.fr\/wp-content\/uploads\/2025\/10\/ZAAPA-BIO-33-300x259.jpg 300w, https:\/\/ladansedelours.fr\/wp-content\/uploads\/2025\/10\/ZAAPA-BIO-33-768x662.jpg 768w, https:\/\/ladansedelours.fr\/wp-content\/uploads\/2025\/10\/ZAAPA-BIO-33-600x517.jpg 600w, https:\/\/ladansedelours.fr\/wp-content\/uploads\/2025\/10\/ZAAPA-BIO-33.jpg 1507w\" sizes=\"auto, (max-width: 1024px) 100vw, 1024px\" \/>\t\t\t\t\t\t\t\t\t\t\t\t\t\t\t<\/div>\n\t\t\t\t<\/div>\n\t\t\t\t\t<\/div>\n\t\t<\/div>\n\t\t\t\t\t\t\t<\/div>\n\t\t<\/section>\n\t\t\t\t<section class=\"elementor-section elementor-top-section elementor-element elementor-element-b1bdcb8 elementor-section-boxed elementor-section-height-default elementor-section-height-default\" data-id=\"b1bdcb8\" data-element_type=\"section\">\n\t\t\t\t\t\t<div class=\"elementor-container elementor-column-gap-default\">\n\t\t\t\t\t<div class=\"elementor-column elementor-col-100 elementor-top-column elementor-element elementor-element-6844930\" data-id=\"6844930\" data-element_type=\"column\">\n\t\t\t<div class=\"elementor-widget-wrap elementor-element-populated\">\n\t\t\t\t\t\t\t\t<div class=\"elementor-element elementor-element-72a2056 elementor-widget elementor-widget-heading\" data-id=\"72a2056\" data-element_type=\"widget\" data-widget_type=\"heading.default\">\n\t\t\t\t<div class=\"elementor-widget-container\">\n\t\t\t<h2 class=\"elementor-heading-title elementor-size-default\">Couleur : Ambr\u00e9e \/ Amertume : mod\u00e9r\u00e9e \/ Alcool : 5,9%<\/h2>\t\t<\/div>\n\t\t\t\t<\/div>\n\t\t\t\t\t<\/div>\n\t\t<\/div>\n\t\t\t\t\t\t\t<\/div>\n\t\t<\/section>\n\t\t\t\t<section class=\"elementor-section elementor-top-section elementor-element elementor-element-9238654 elementor-section-boxed elementor-section-height-default elementor-section-height-default\" data-id=\"9238654\" data-element_type=\"section\">\n\t\t\t\t\t\t<div class=\"elementor-container elementor-column-gap-default\">\n\t\t\t\t\t<div class=\"elementor-column elementor-col-100 elementor-top-column elementor-element elementor-element-6b8c785\" data-id=\"6b8c785\" data-element_type=\"column\">\n\t\t\t<div class=\"elementor-widget-wrap elementor-element-populated\">\n\t\t\t\t\t\t\t\t<div class=\"elementor-element elementor-element-06ac1f0 elementor-widget elementor-widget-text-editor\" data-id=\"06ac1f0\" data-element_type=\"widget\" data-widget_type=\"text-editor.default\">\n\t\t\t\t<div class=\"elementor-widget-container\">\n\t\t\t<style>\/*! elementor - v3.11.3 - 07-03-2023 *\/\n.elementor-widget-text-editor.elementor-drop-cap-view-stacked .elementor-drop-cap{background-color:#818a91;color:#fff}.elementor-widget-text-editor.elementor-drop-cap-view-framed .elementor-drop-cap{color:#818a91;border:3px solid;background-color:transparent}.elementor-widget-text-editor:not(.elementor-drop-cap-view-default) .elementor-drop-cap{margin-top:8px}.elementor-widget-text-editor:not(.elementor-drop-cap-view-default) .elementor-drop-cap-letter{width:1em;height:1em}.elementor-widget-text-editor .elementor-drop-cap{float:left;text-align:center;line-height:1;font-size:50px}.elementor-widget-text-editor .elementor-drop-cap-letter{display:inline-block}<\/style>\t\t\t\t<p>Le caract\u00e8re malt\u00e9 de la Zaapa en fait une bi\u00e8re gourmande cependant tr\u00e8s digeste, avec une belle longueur en bouche gr\u00e2ce \u00e0 l\u2019apport subtil des houblons am\u00e9ricains (<em>de Loire-Atlantique ! <\/em>) Chinook et Cascade.<br \/>Une bi\u00e8re aux influences am\u00e9ricaines donc, mais \u00e0 la certaine rondeur belge&#8230; Un peu comme l&rsquo;influence des comics am\u00e9ricains sur le travail de Goscinny !<br \/><br \/><em><strong>Disponible en bouteille 33cl et 75cl<\/strong><\/em><\/p>\t\t\t\t\t\t<\/div>\n\t\t\t\t<\/div>\n\t\t\t\t\t<\/div>\n\t\t<\/div>\n\t\t\t\t\t\t\t<\/div>\n\t\t<\/section>\n\t\t\t\t<section class=\"elementor-section elementor-top-section elementor-element elementor-element-8f31f7f elementor-section-boxed elementor-section-height-default elementor-section-height-default\" data-id=\"8f31f7f\" data-element_type=\"section\">\n\t\t\t\t\t\t<div class=\"elementor-container elementor-column-gap-default\">\n\t\t\t\t\t<div class=\"elementor-column elementor-col-50 elementor-top-column elementor-element elementor-element-ec2ec18\" data-id=\"ec2ec18\" data-element_type=\"column\">\n\t\t\t<div class=\"elementor-widget-wrap elementor-element-populated\">\n\t\t\t\t\t\t\t\t<div class=\"elementor-element elementor-element-943dfdf elementor-widget elementor-widget-image\" data-id=\"943dfdf\" data-element_type=\"widget\" data-widget_type=\"image.default\">\n\t\t\t\t<div class=\"elementor-widget-container\">\n\t\t\t\t\t\t\t\t\t\t\t\t\t\t\t<img loading=\"lazy\" decoding=\"async\" width=\"768\" height=\"1024\" src=\"https:\/\/ladansedelours.fr\/wp-content\/uploads\/2023\/06\/IMG_20230613_175121-768x1024.jpg\" class=\"attachment-large size-large wp-image-177\" alt=\"\" srcset=\"https:\/\/ladansedelours.fr\/wp-content\/uploads\/2023\/06\/IMG_20230613_175121-768x1024.jpg 768w, https:\/\/ladansedelours.fr\/wp-content\/uploads\/2023\/06\/IMG_20230613_175121-scaled-600x800.jpg 600w, https:\/\/ladansedelours.fr\/wp-content\/uploads\/2023\/06\/IMG_20230613_175121-225x300.jpg 225w, https:\/\/ladansedelours.fr\/wp-content\/uploads\/2023\/06\/IMG_20230613_175121-1152x1536.jpg 1152w, https:\/\/ladansedelours.fr\/wp-content\/uploads\/2023\/06\/IMG_20230613_175121-1536x2048.jpg 1536w, https:\/\/ladansedelours.fr\/wp-content\/uploads\/2023\/06\/IMG_20230613_175121-scaled.jpg 1920w\" sizes=\"auto, (max-width: 768px) 100vw, 768px\" \/>\t\t\t\t\t\t\t\t\t\t\t\t\t\t\t<\/div>\n\t\t\t\t<\/div>\n\t\t\t\t\t<\/div>\n\t\t<\/div>\n\t\t\t\t<div class=\"elementor-column elementor-col-50 elementor-top-column elementor-element elementor-element-2b1d7b4\" data-id=\"2b1d7b4\" data-element_type=\"column\">\n\t\t\t<div class=\"elementor-widget-wrap elementor-element-populated\">\n\t\t\t\t\t\t\t\t<div class=\"elementor-element elementor-element-72122db elementor-widget elementor-widget-image\" data-id=\"72122db\" data-element_type=\"widget\" data-widget_type=\"image.default\">\n\t\t\t\t<div class=\"elementor-widget-container\">\n\t\t\t\t\t\t\t\t\t\t\t\t\t\t\t<img loading=\"lazy\" decoding=\"async\" width=\"768\" height=\"1024\" src=\"https:\/\/ladansedelours.fr\/wp-content\/uploads\/2023\/06\/IMG_20230623_145048-768x1024.jpg\" class=\"attachment-large size-large wp-image-178\" alt=\"\" srcset=\"https:\/\/ladansedelours.fr\/wp-content\/uploads\/2023\/06\/IMG_20230623_145048-768x1024.jpg 768w, https:\/\/ladansedelours.fr\/wp-content\/uploads\/2023\/06\/IMG_20230623_145048-scaled-600x800.jpg 600w, https:\/\/ladansedelours.fr\/wp-content\/uploads\/2023\/06\/IMG_20230623_145048-225x300.jpg 225w, https:\/\/ladansedelours.fr\/wp-content\/uploads\/2023\/06\/IMG_20230623_145048-1152x1536.jpg 1152w, https:\/\/ladansedelours.fr\/wp-content\/uploads\/2023\/06\/IMG_20230623_145048-1536x2048.jpg 1536w, https:\/\/ladansedelours.fr\/wp-content\/uploads\/2023\/06\/IMG_20230623_145048-scaled.jpg 1920w\" sizes=\"auto, (max-width: 768px) 100vw, 768px\" \/>\t\t\t\t\t\t\t\t\t\t\t\t\t\t\t<\/div>\n\t\t\t\t<\/div>\n\t\t\t\t\t<\/div>\n\t\t<\/div>\n\t\t\t\t\t\t\t<\/div>\n\t\t<\/section>\n\t\t\t\t<section class=\"elementor-section elementor-top-section elementor-element elementor-element-381e778 elementor-section-boxed elementor-section-height-default elementor-section-height-default\" data-id=\"381e778\" data-element_type=\"section\">\n\t\t\t\t\t\t<div class=\"elementor-container elementor-column-gap-default\">\n\t\t\t\t\t<div class=\"elementor-column elementor-col-100 elementor-top-column elementor-element elementor-element-a254c68\" data-id=\"a254c68\" data-element_type=\"column\">\n\t\t\t<div class=\"elementor-widget-wrap elementor-element-populated\">\n\t\t\t\t\t\t\t\t<div class=\"elementor-element elementor-element-ba90a06 elementor-widget elementor-widget-text-editor\" data-id=\"ba90a06\" data-element_type=\"widget\" data-widget_type=\"text-editor.default\">\n\t\t\t\t<div class=\"elementor-widget-container\">\n\t\t\t\t\t\t\t<p><em>Mais pourquoi ZAAPA alors? Pas grand chose \u00e0 voir avec Frank Zappa si ce n&rsquo;est un amour indiscutable pour la folle musique de ce grand artiste et l&rsquo;envie de lui rendre hommage avec un jeu de mots discutable fait d&rsquo;acronymes de styles de bi\u00e8re antagonistes \ud83d\ude09<\/em><br \/><em>Bref : \u00ab\u00a0Zi American Amber <del>Pale<\/del> Ale\u00a0\u00bb&#8230; ZAAPA!!!<\/em><\/p>\t\t\t\t\t\t<\/div>\n\t\t\t\t<\/div>\n\t\t\t\t\t<\/div>\n\t\t<\/div>\n\t\t\t\t\t\t\t<\/div>\n\t\t<\/section>\n\t\t\t\t<section class=\"elementor-section elementor-top-section elementor-element elementor-element-9a155d3 elementor-section-boxed elementor-section-height-default elementor-section-height-default\" data-id=\"9a155d3\" data-element_type=\"section\">\n\t\t\t\t\t\t<div class=\"elementor-container elementor-column-gap-default\">\n\t\t\t\t\t<div class=\"elementor-column elementor-col-100 elementor-top-column elementor-element elementor-element-584ec8d\" data-id=\"584ec8d\" data-element_type=\"column\">\n\t\t\t<div class=\"elementor-widget-wrap elementor-element-populated\">\n\t\t\t\t\t\t\t\t<div class=\"elementor-element elementor-element-fc12ea2 elementor-widget elementor-widget-video\" data-id=\"fc12ea2\" data-element_type=\"widget\" data-settings=\"{&quot;youtube_url&quot;:&quot;https:\\\/\\\/youtu.be\\\/uUrw_bJ9MSU?si=ll44la71ZRlxhQl_&quot;,&quot;video_type&quot;:&quot;youtube&quot;,&quot;controls&quot;:&quot;yes&quot;}\" data-widget_type=\"video.default\">\n\t\t\t\t<div class=\"elementor-widget-container\">\n\t\t\t<style>\/*! elementor - v3.11.3 - 07-03-2023 *\/\n.elementor-widget-video .elementor-widget-container{overflow:hidden;transform:translateZ(0)}.elementor-widget-video .elementor-wrapper iframe,.elementor-widget-video .elementor-wrapper video{height:100%;width:100%;border:none;background-color:#000}.elementor-widget-video .elementor-open-inline .elementor-custom-embed-image-overlay{position:absolute;top:0;left:0;width:100%;height:100%;background-size:cover;background-position:50%}.elementor-widget-video .elementor-custom-embed-image-overlay{cursor:pointer;text-align:center}.elementor-widget-video .elementor-custom-embed-image-overlay:hover .elementor-custom-embed-play i{opacity:1}.elementor-widget-video .elementor-custom-embed-image-overlay img{display:block;width:100%}.elementor-widget-video .e-hosted-video .elementor-video{-o-object-fit:cover;object-fit:cover}.e-con-inner>.elementor-widget-video,.e-con>.elementor-widget-video{width:var(--container-widget-width);--flex-grow:var(--container-widget-flex-grow)}<\/style>\t\t<div class=\"elementor-wrapper elementor-open-inline\">\n\t\t\t<div class=\"elementor-video\"><\/div>\t\t<\/div>\n\t\t\t\t<\/div>\n\t\t\t\t<\/div>\n\t\t\t\t\t<\/div>\n\t\t<\/div>\n\t\t\t\t\t\t\t<\/div>\n\t\t<\/section>\n\t\t\t\t<section class=\"elementor-section elementor-top-section elementor-element elementor-element-845e54f elementor-section-boxed elementor-section-height-default elementor-section-height-default\" data-id=\"845e54f\" data-element_type=\"section\">\n\t\t\t\t\t\t<div class=\"elementor-container elementor-column-gap-default\">\n\t\t\t\t\t<div class=\"elementor-column elementor-col-66 elementor-top-column elementor-element elementor-element-fb82861\" data-id=\"fb82861\" data-element_type=\"column\">\n\t\t\t<div class=\"elementor-widget-wrap elementor-element-populated\">\n\t\t\t\t\t\t\t\t<div class=\"elementor-element elementor-element-0fcb112 elementor-widget elementor-widget-text-editor\" data-id=\"0fcb112\" data-element_type=\"widget\" data-widget_type=\"text-editor.default\">\n\t\t\t\t<div class=\"elementor-widget-container\">\n\t\t\t\t\t\t\t<pre><em><strong>Origine des ingr\u00e9dients :<\/strong><br \/>Malts d'orge* <\/em><em><em>(78%)<\/em>: Morbihan (Yec'Hed Malt) \/ <br \/>Malts sp\u00e9ciaux* <\/em><em><em>(22%)<\/em>: Begique (Malterie du <br \/>Ch\u00e2teau) \/ Houblons* (Chinook et Cascade) : <br \/>Loire Atlantique (Le Champ du Houblon) &amp; <br \/>Vend\u00e9e (Le Houblon du Grand Charlot) \/ Sucre <br \/>de betterave* : France<\/em><\/pre>\t\t\t\t\t\t<\/div>\n\t\t\t\t<\/div>\n\t\t\t\t\t<\/div>\n\t\t<\/div>\n\t\t\t\t<div class=\"elementor-column elementor-col-33 elementor-top-column elementor-element elementor-element-f2c506e\" data-id=\"f2c506e\" data-element_type=\"column\">\n\t\t\t<div class=\"elementor-widget-wrap elementor-element-populated\">\n\t\t\t\t\t\t\t\t<div class=\"elementor-element elementor-element-6b24c67 elementor-widget elementor-widget-image\" data-id=\"6b24c67\" data-element_type=\"widget\" data-widget_type=\"image.default\">\n\t\t\t\t<div class=\"elementor-widget-container\">\n\t\t\t\t\t\t\t\t\t\t\t\t\t\t\t<img loading=\"lazy\" decoding=\"async\" width=\"413\" height=\"260\" src=\"https:\/\/ladansedelours.fr\/wp-content\/uploads\/2024\/10\/PROJET-ETIQUETTE-BIO-sans-calques.png\" class=\"attachment-large size-large wp-image-772\" alt=\"\" srcset=\"https:\/\/ladansedelours.fr\/wp-content\/uploads\/2024\/10\/PROJET-ETIQUETTE-BIO-sans-calques.png 413w, https:\/\/ladansedelours.fr\/wp-content\/uploads\/2024\/10\/PROJET-ETIQUETTE-BIO-sans-calques-300x189.png 300w\" sizes=\"auto, (max-width: 413px) 100vw, 413px\" \/>\t\t\t\t\t\t\t\t\t\t\t\t\t\t\t<\/div>\n\t\t\t\t<\/div>\n\t\t\t\t\t<\/div>\n\t\t<\/div>\n\t\t\t\t\t\t\t<\/div>\n\t\t<\/section>\n\t\t\t\t<section class=\"elementor-section elementor-top-section elementor-element elementor-element-734b725 elementor-section-boxed elementor-section-height-default elementor-section-height-default\" data-id=\"734b725\" data-element_type=\"section\">\n\t\t\t\t\t\t<div class=\"elementor-container elementor-column-gap-default\">\n\t\t\t\t\t<div class=\"elementor-column elementor-col-100 elementor-top-column elementor-element elementor-element-35629c4\" data-id=\"35629c4\" data-element_type=\"column\">\n\t\t\t<div class=\"elementor-widget-wrap elementor-element-populated\">\n\t\t\t\t\t\t\t\t<div class=\"elementor-element elementor-element-7305cb1 elementor-widget elementor-widget-text-editor\" data-id=\"7305cb1\" data-element_type=\"widget\" data-widget_type=\"text-editor.default\">\n\t\t\t\t<div class=\"elementor-widget-container\">\n\t\t\t\t\t\t\t<pre><em>*Ingr\u00e9dients issus de l'agribulture biologique.<\/em><\/pre>\t\t\t\t\t\t<\/div>\n\t\t\t\t<\/div>\n\t\t\t\t\t<\/div>\n\t\t<\/div>\n\t\t\t\t\t\t\t<\/div>\n\t\t<\/section>\n\t\t\t\t\t\t\t<\/div>\n\t\t","protected":false},"excerpt":{"rendered":"<p>Ale ambr\u00e9e am\u00e9ricaine (un peu belge&#8230;) Couleur : Ambr\u00e9e \/ Amertume : mod\u00e9r\u00e9e \/ Alcool&#8230;<\/p>\n<div class=\"more-link-wrapper\"><a class=\"more-link\" href=\"https:\/\/ladansedelours.fr\/index.php\/zaapa\/\">Read the post<span class=\"screen-reader-text\">Zaapa<\/span><\/a><\/div>\n","protected":false},"author":1,"featured_media":0,"parent":0,"menu_order":0,"comment_status":"closed","ping_status":"closed","template":"","meta":{"footnotes":""},"class_list":["post-93","page","type-page","status-publish","hentry","excerpt","zoom","full-without-featured","even","excerpt-0"],"yoast_head":"<!-- This site is optimized with the Yoast SEO plugin v20.2.1 - https:\/\/yoast.com\/wordpress\/plugins\/seo\/ -->\n<title>Zaapa - Brasserie La Danse de l&#039;Ours<\/title>\n<meta name=\"robots\" content=\"index, follow, max-snippet:-1, max-image-preview:large, max-video-preview:-1\" \/>\n<link rel=\"canonical\" href=\"https:\/\/ladansedelours.fr\/index.php\/zaapa\/\" \/>\n<meta property=\"og:locale\" content=\"fr_FR\" \/>\n<meta property=\"og:type\" content=\"article\" \/>\n<meta property=\"og:title\" content=\"Zaapa - Brasserie La Danse de l&#039;Ours\" \/>\n<meta property=\"og:description\" content=\"Ale ambr\u00e9e am\u00e9ricaine (un peu belge&#8230;) Couleur : Ambr\u00e9e \/ Amertume : mod\u00e9r\u00e9e \/ Alcool&#8230;\" \/>\n<meta property=\"og:url\" content=\"https:\/\/ladansedelours.fr\/index.php\/zaapa\/\" \/>\n<meta property=\"og:site_name\" content=\"Brasserie La Danse de l&#039;Ours\" \/>\n<meta property=\"article:publisher\" content=\"https:\/\/www.facebook.com\/brasserieladansedelours\" \/>\n<meta property=\"article:modified_time\" content=\"2025-10-24T07:31:50+00:00\" \/>\n<meta property=\"og:image\" content=\"http:\/\/ladansedelours.fr\/wp-content\/uploads\/2025\/10\/ZAAPA-BIO-33-1024x883.jpg\" \/>\n<meta name=\"twitter:card\" content=\"summary_large_image\" \/>\n<meta name=\"twitter:label1\" content=\"Dur\u00e9e de lecture estim\u00e9e\" \/>\n\t<meta name=\"twitter:data1\" content=\"2 minutes\" \/>\n<script type=\"application\/ld+json\" class=\"yoast-schema-graph\">{\"@context\":\"https:\/\/schema.org\",\"@graph\":[{\"@type\":\"WebPage\",\"@id\":\"https:\/\/ladansedelours.fr\/index.php\/zaapa\/\",\"url\":\"https:\/\/ladansedelours.fr\/index.php\/zaapa\/\",\"name\":\"Zaapa - Brasserie La Danse de l&#039;Ours\",\"isPartOf\":{\"@id\":\"https:\/\/ladansedelours.fr\/#website\"},\"datePublished\":\"2023-06-12T19:58:41+00:00\",\"dateModified\":\"2025-10-24T07:31:50+00:00\",\"breadcrumb\":{\"@id\":\"https:\/\/ladansedelours.fr\/index.php\/zaapa\/#breadcrumb\"},\"inLanguage\":\"fr-FR\",\"potentialAction\":[{\"@type\":\"ReadAction\",\"target\":[\"https:\/\/ladansedelours.fr\/index.php\/zaapa\/\"]}]},{\"@type\":\"BreadcrumbList\",\"@id\":\"https:\/\/ladansedelours.fr\/index.php\/zaapa\/#breadcrumb\",\"itemListElement\":[{\"@type\":\"ListItem\",\"position\":1,\"name\":\"Accueil\",\"item\":\"https:\/\/ladansedelours.fr\/\"},{\"@type\":\"ListItem\",\"position\":2,\"name\":\"Zaapa\"}]},{\"@type\":\"WebSite\",\"@id\":\"https:\/\/ladansedelours.fr\/#website\",\"url\":\"https:\/\/ladansedelours.fr\/\",\"name\":\"Brasserie La Danse de l&#039;Ours\",\"description\":\"\",\"publisher\":{\"@id\":\"https:\/\/ladansedelours.fr\/#organization\"},\"potentialAction\":[{\"@type\":\"SearchAction\",\"target\":{\"@type\":\"EntryPoint\",\"urlTemplate\":\"https:\/\/ladansedelours.fr\/?s={search_term_string}\"},\"query-input\":\"required name=search_term_string\"}],\"inLanguage\":\"fr-FR\"},{\"@type\":\"Organization\",\"@id\":\"https:\/\/ladansedelours.fr\/#organization\",\"name\":\"Brasserie La Danse de l&#039;Ours\",\"url\":\"https:\/\/ladansedelours.fr\/\",\"logo\":{\"@type\":\"ImageObject\",\"inLanguage\":\"fr-FR\",\"@id\":\"https:\/\/ladansedelours.fr\/#\/schema\/logo\/image\/\",\"url\":\"http:\/\/ladansedelours.fr\/wp-content\/uploads\/2023\/03\/326418449_701706158298000_3284889841456524015_n-1.jpg\",\"contentUrl\":\"http:\/\/ladansedelours.fr\/wp-content\/uploads\/2023\/03\/326418449_701706158298000_3284889841456524015_n-1.jpg\",\"width\":851,\"height\":315,\"caption\":\"Brasserie La Danse de l&#039;Ours\"},\"image\":{\"@id\":\"https:\/\/ladansedelours.fr\/#\/schema\/logo\/image\/\"},\"sameAs\":[\"https:\/\/www.facebook.com\/brasserieladansedelours\",\"https:\/\/www.instagram.com\/ladanse_delours\/\"]}]}<\/script>\n<!-- \/ Yoast SEO plugin. -->","yoast_head_json":{"title":"Zaapa - Brasserie La Danse de l&#039;Ours","robots":{"index":"index","follow":"follow","max-snippet":"max-snippet:-1","max-image-preview":"max-image-preview:large","max-video-preview":"max-video-preview:-1"},"canonical":"https:\/\/ladansedelours.fr\/index.php\/zaapa\/","og_locale":"fr_FR","og_type":"article","og_title":"Zaapa - Brasserie La Danse de l&#039;Ours","og_description":"Ale ambr\u00e9e am\u00e9ricaine (un peu belge&#8230;) Couleur : Ambr\u00e9e \/ Amertume : mod\u00e9r\u00e9e \/ Alcool&#8230;","og_url":"https:\/\/ladansedelours.fr\/index.php\/zaapa\/","og_site_name":"Brasserie La Danse de l&#039;Ours","article_publisher":"https:\/\/www.facebook.com\/brasserieladansedelours","article_modified_time":"2025-10-24T07:31:50+00:00","og_image":[{"url":"http:\/\/ladansedelours.fr\/wp-content\/uploads\/2025\/10\/ZAAPA-BIO-33-1024x883.jpg"}],"twitter_card":"summary_large_image","twitter_misc":{"Dur\u00e9e de lecture estim\u00e9e":"2 minutes"},"schema":{"@context":"https:\/\/schema.org","@graph":[{"@type":"WebPage","@id":"https:\/\/ladansedelours.fr\/index.php\/zaapa\/","url":"https:\/\/ladansedelours.fr\/index.php\/zaapa\/","name":"Zaapa - Brasserie La Danse de l&#039;Ours","isPartOf":{"@id":"https:\/\/ladansedelours.fr\/#website"},"datePublished":"2023-06-12T19:58:41+00:00","dateModified":"2025-10-24T07:31:50+00:00","breadcrumb":{"@id":"https:\/\/ladansedelours.fr\/index.php\/zaapa\/#breadcrumb"},"inLanguage":"fr-FR","potentialAction":[{"@type":"ReadAction","target":["https:\/\/ladansedelours.fr\/index.php\/zaapa\/"]}]},{"@type":"BreadcrumbList","@id":"https:\/\/ladansedelours.fr\/index.php\/zaapa\/#breadcrumb","itemListElement":[{"@type":"ListItem","position":1,"name":"Accueil","item":"https:\/\/ladansedelours.fr\/"},{"@type":"ListItem","position":2,"name":"Zaapa"}]},{"@type":"WebSite","@id":"https:\/\/ladansedelours.fr\/#website","url":"https:\/\/ladansedelours.fr\/","name":"Brasserie La Danse de l&#039;Ours","description":"","publisher":{"@id":"https:\/\/ladansedelours.fr\/#organization"},"potentialAction":[{"@type":"SearchAction","target":{"@type":"EntryPoint","urlTemplate":"https:\/\/ladansedelours.fr\/?s={search_term_string}"},"query-input":"required name=search_term_string"}],"inLanguage":"fr-FR"},{"@type":"Organization","@id":"https:\/\/ladansedelours.fr\/#organization","name":"Brasserie La Danse de l&#039;Ours","url":"https:\/\/ladansedelours.fr\/","logo":{"@type":"ImageObject","inLanguage":"fr-FR","@id":"https:\/\/ladansedelours.fr\/#\/schema\/logo\/image\/","url":"http:\/\/ladansedelours.fr\/wp-content\/uploads\/2023\/03\/326418449_701706158298000_3284889841456524015_n-1.jpg","contentUrl":"http:\/\/ladansedelours.fr\/wp-content\/uploads\/2023\/03\/326418449_701706158298000_3284889841456524015_n-1.jpg","width":851,"height":315,"caption":"Brasserie La Danse de l&#039;Ours"},"image":{"@id":"https:\/\/ladansedelours.fr\/#\/schema\/logo\/image\/"},"sameAs":["https:\/\/www.facebook.com\/brasserieladansedelours","https:\/\/www.instagram.com\/ladanse_delours\/"]}]}},"_links":{"self":[{"href":"https:\/\/ladansedelours.fr\/index.php\/wp-json\/wp\/v2\/pages\/93","targetHints":{"allow":["GET"]}}],"collection":[{"href":"https:\/\/ladansedelours.fr\/index.php\/wp-json\/wp\/v2\/pages"}],"about":[{"href":"https:\/\/ladansedelours.fr\/index.php\/wp-json\/wp\/v2\/types\/page"}],"author":[{"embeddable":true,"href":"https:\/\/ladansedelours.fr\/index.php\/wp-json\/wp\/v2\/users\/1"}],"replies":[{"embeddable":true,"href":"https:\/\/ladansedelours.fr\/index.php\/wp-json\/wp\/v2\/comments?post=93"}],"version-history":[{"count":44,"href":"https:\/\/ladansedelours.fr\/index.php\/wp-json\/wp\/v2\/pages\/93\/revisions"}],"predecessor-version":[{"id":1016,"href":"https:\/\/ladansedelours.fr\/index.php\/wp-json\/wp\/v2\/pages\/93\/revisions\/1016"}],"wp:attachment":[{"href":"https:\/\/ladansedelours.fr\/index.php\/wp-json\/wp\/v2\/media?parent=93"}],"curies":[{"name":"wp","href":"https:\/\/api.w.org\/{rel}","templated":true}]}}