{"id":51,"date":"2023-06-12T10:52:37","date_gmt":"2023-06-12T08:52:37","guid":{"rendered":"http:\/\/ladansedelours.fr\/?page_id=51"},"modified":"2024-01-19T12:49:08","modified_gmt":"2024-01-19T11:49:08","slug":"la-brasserie","status":"publish","type":"page","link":"https:\/\/ladansedelours.fr\/index.php\/la-brasserie\/","title":{"rendered":"La brasserie"},"content":{"rendered":"<p>La brasserie est situ\u00e9e dans le petit village de La Plouzi\u00e8re \u00e0 Chaill\u00e9-sous-les-Ormeaux, commune d\u00e9l\u00e9gu\u00e9e de Rives-de-l&rsquo;Yon (Vend\u00e9e).<\/p>\n<p>Il s&rsquo;agit de ce que l&rsquo;on appelle une \u00ab\u00a0nanobrasserie\u00a0\u00bb, aux volumes inf\u00e9rieurs aux microbrasseries, puisque le volume de bi\u00e8re finie par brassin est inf\u00e9rieur \u00e0 200l.<\/p>\n<p>Les bi\u00e8res sont produites traditionnellement, \u00e0 la main, et ne sont ni filtr\u00e9es, ni pasteuris\u00e9es.<br \/>\nElles ne contiennent QUE de l&rsquo;eau, des c\u00e9r\u00e9ales, du houblon, des levures et du sucre, pour la refermentation. Celle-ci se fait donc naturellement, apr\u00e8s la mise en bouteille, sans adjonction de CO2.<\/p>\n<p>La gamme de bi\u00e8res va progressivement s&rsquo;\u00e9toffer, variant entre couleurs et styles, avec des r\u00e9f\u00e9rences permanentes et d&rsquo;autres saisonni\u00e8res.<\/p>\n<p><img loading=\"lazy\" decoding=\"async\" class=\"aligncenter\" src=\"http:\/\/ladansedelours.fr\/wp-content\/uploads\/2023\/06\/brasserie-1024x768.jpg\" sizes=\"auto, (max-width: 1024px) 100vw, 1024px\" srcset=\"http:\/\/ladansedelours.fr\/wp-content\/uploads\/2023\/06\/brasserie-1024x768.jpg 1024w, http:\/\/ladansedelours.fr\/wp-content\/uploads\/2023\/06\/brasserie-300x225.jpg 300w, http:\/\/ladansedelours.fr\/wp-content\/uploads\/2023\/06\/brasserie-768x576.jpg 768w, http:\/\/ladansedelours.fr\/wp-content\/uploads\/2023\/06\/brasserie-1536x1152.jpg 1536w, http:\/\/ladansedelours.fr\/wp-content\/uploads\/2023\/06\/brasserie-2048x1536.jpg 2048w\" alt=\"\" width=\"1024\" height=\"768\" \/><\/p>\n","protected":false},"excerpt":{"rendered":"<p>La brasserie est situ\u00e9e dans le petit village de La Plouzi\u00e8re \u00e0 Chaill\u00e9-sous-les-Ormeaux, commune d\u00e9l\u00e9gu\u00e9e&#8230;<\/p>\n<div class=\"more-link-wrapper\"><a class=\"more-link\" href=\"https:\/\/ladansedelours.fr\/index.php\/la-brasserie\/\">Read the post<span class=\"screen-reader-text\">La brasserie<\/span><\/a><\/div>\n","protected":false},"author":1,"featured_media":0,"parent":0,"menu_order":0,"comment_status":"closed","ping_status":"closed","template":"","meta":{"footnotes":""},"class_list":["post-51","page","type-page","status-publish","hentry","excerpt","zoom","full-without-featured","even","excerpt-0"],"yoast_head":"<!-- This site is optimized with the Yoast SEO plugin v20.2.1 - https:\/\/yoast.com\/wordpress\/plugins\/seo\/ -->\n<title>La brasserie - Brasserie La Danse de l&#039;Ours<\/title>\n<meta name=\"robots\" content=\"index, follow, max-snippet:-1, max-image-preview:large, max-video-preview:-1\" \/>\n<link rel=\"canonical\" href=\"https:\/\/ladansedelours.fr\/index.php\/la-brasserie\/\" \/>\n<meta property=\"og:locale\" content=\"fr_FR\" \/>\n<meta property=\"og:type\" content=\"article\" \/>\n<meta property=\"og:title\" content=\"La brasserie - Brasserie La Danse de l&#039;Ours\" \/>\n<meta property=\"og:description\" content=\"La brasserie est situ\u00e9e dans le petit village de La Plouzi\u00e8re \u00e0 Chaill\u00e9-sous-les-Ormeaux, commune d\u00e9l\u00e9gu\u00e9e&#8230;\" \/>\n<meta property=\"og:url\" content=\"https:\/\/ladansedelours.fr\/index.php\/la-brasserie\/\" \/>\n<meta property=\"og:site_name\" content=\"Brasserie La Danse de l&#039;Ours\" \/>\n<meta property=\"article:publisher\" content=\"https:\/\/www.facebook.com\/brasserieladansedelours\" \/>\n<meta property=\"article:modified_time\" content=\"2024-01-19T11:49:08+00:00\" \/>\n<meta property=\"og:image\" content=\"http:\/\/ladansedelours.fr\/wp-content\/uploads\/2023\/06\/brasserie-1024x768.jpg\" \/>\n<meta name=\"twitter:card\" content=\"summary_large_image\" \/>\n<meta name=\"twitter:label1\" content=\"Dur\u00e9e de lecture estim\u00e9e\" \/>\n\t<meta name=\"twitter:data1\" content=\"1 minute\" \/>\n<script type=\"application\/ld+json\" class=\"yoast-schema-graph\">{\"@context\":\"https:\/\/schema.org\",\"@graph\":[{\"@type\":\"WebPage\",\"@id\":\"https:\/\/ladansedelours.fr\/index.php\/la-brasserie\/\",\"url\":\"https:\/\/ladansedelours.fr\/index.php\/la-brasserie\/\",\"name\":\"La brasserie - Brasserie La Danse de l&#039;Ours\",\"isPartOf\":{\"@id\":\"https:\/\/ladansedelours.fr\/#website\"},\"datePublished\":\"2023-06-12T08:52:37+00:00\",\"dateModified\":\"2024-01-19T11:49:08+00:00\",\"breadcrumb\":{\"@id\":\"https:\/\/ladansedelours.fr\/index.php\/la-brasserie\/#breadcrumb\"},\"inLanguage\":\"fr-FR\",\"potentialAction\":[{\"@type\":\"ReadAction\",\"target\":[\"https:\/\/ladansedelours.fr\/index.php\/la-brasserie\/\"]}]},{\"@type\":\"BreadcrumbList\",\"@id\":\"https:\/\/ladansedelours.fr\/index.php\/la-brasserie\/#breadcrumb\",\"itemListElement\":[{\"@type\":\"ListItem\",\"position\":1,\"name\":\"Accueil\",\"item\":\"https:\/\/ladansedelours.fr\/\"},{\"@type\":\"ListItem\",\"position\":2,\"name\":\"La brasserie\"}]},{\"@type\":\"WebSite\",\"@id\":\"https:\/\/ladansedelours.fr\/#website\",\"url\":\"https:\/\/ladansedelours.fr\/\",\"name\":\"Brasserie La Danse de l&#039;Ours\",\"description\":\"\",\"publisher\":{\"@id\":\"https:\/\/ladansedelours.fr\/#organization\"},\"potentialAction\":[{\"@type\":\"SearchAction\",\"target\":{\"@type\":\"EntryPoint\",\"urlTemplate\":\"https:\/\/ladansedelours.fr\/?s={search_term_string}\"},\"query-input\":\"required name=search_term_string\"}],\"inLanguage\":\"fr-FR\"},{\"@type\":\"Organization\",\"@id\":\"https:\/\/ladansedelours.fr\/#organization\",\"name\":\"Brasserie La Danse de l&#039;Ours\",\"url\":\"https:\/\/ladansedelours.fr\/\",\"logo\":{\"@type\":\"ImageObject\",\"inLanguage\":\"fr-FR\",\"@id\":\"https:\/\/ladansedelours.fr\/#\/schema\/logo\/image\/\",\"url\":\"http:\/\/ladansedelours.fr\/wp-content\/uploads\/2023\/03\/326418449_701706158298000_3284889841456524015_n-1.jpg\",\"contentUrl\":\"http:\/\/ladansedelours.fr\/wp-content\/uploads\/2023\/03\/326418449_701706158298000_3284889841456524015_n-1.jpg\",\"width\":851,\"height\":315,\"caption\":\"Brasserie La Danse de l&#039;Ours\"},\"image\":{\"@id\":\"https:\/\/ladansedelours.fr\/#\/schema\/logo\/image\/\"},\"sameAs\":[\"https:\/\/www.facebook.com\/brasserieladansedelours\",\"https:\/\/www.instagram.com\/ladanse_delours\/\"]}]}<\/script>\n<!-- \/ Yoast SEO plugin. -->","yoast_head_json":{"title":"La brasserie - Brasserie La Danse de l&#039;Ours","robots":{"index":"index","follow":"follow","max-snippet":"max-snippet:-1","max-image-preview":"max-image-preview:large","max-video-preview":"max-video-preview:-1"},"canonical":"https:\/\/ladansedelours.fr\/index.php\/la-brasserie\/","og_locale":"fr_FR","og_type":"article","og_title":"La brasserie - Brasserie La Danse de l&#039;Ours","og_description":"La brasserie est situ\u00e9e dans le petit village de La Plouzi\u00e8re \u00e0 Chaill\u00e9-sous-les-Ormeaux, commune d\u00e9l\u00e9gu\u00e9e&#8230;","og_url":"https:\/\/ladansedelours.fr\/index.php\/la-brasserie\/","og_site_name":"Brasserie La Danse de l&#039;Ours","article_publisher":"https:\/\/www.facebook.com\/brasserieladansedelours","article_modified_time":"2024-01-19T11:49:08+00:00","og_image":[{"url":"http:\/\/ladansedelours.fr\/wp-content\/uploads\/2023\/06\/brasserie-1024x768.jpg"}],"twitter_card":"summary_large_image","twitter_misc":{"Dur\u00e9e de lecture estim\u00e9e":"1 minute"},"schema":{"@context":"https:\/\/schema.org","@graph":[{"@type":"WebPage","@id":"https:\/\/ladansedelours.fr\/index.php\/la-brasserie\/","url":"https:\/\/ladansedelours.fr\/index.php\/la-brasserie\/","name":"La brasserie - Brasserie La Danse de l&#039;Ours","isPartOf":{"@id":"https:\/\/ladansedelours.fr\/#website"},"datePublished":"2023-06-12T08:52:37+00:00","dateModified":"2024-01-19T11:49:08+00:00","breadcrumb":{"@id":"https:\/\/ladansedelours.fr\/index.php\/la-brasserie\/#breadcrumb"},"inLanguage":"fr-FR","potentialAction":[{"@type":"ReadAction","target":["https:\/\/ladansedelours.fr\/index.php\/la-brasserie\/"]}]},{"@type":"BreadcrumbList","@id":"https:\/\/ladansedelours.fr\/index.php\/la-brasserie\/#breadcrumb","itemListElement":[{"@type":"ListItem","position":1,"name":"Accueil","item":"https:\/\/ladansedelours.fr\/"},{"@type":"ListItem","position":2,"name":"La brasserie"}]},{"@type":"WebSite","@id":"https:\/\/ladansedelours.fr\/#website","url":"https:\/\/ladansedelours.fr\/","name":"Brasserie La Danse de l&#039;Ours","description":"","publisher":{"@id":"https:\/\/ladansedelours.fr\/#organization"},"potentialAction":[{"@type":"SearchAction","target":{"@type":"EntryPoint","urlTemplate":"https:\/\/ladansedelours.fr\/?s={search_term_string}"},"query-input":"required name=search_term_string"}],"inLanguage":"fr-FR"},{"@type":"Organization","@id":"https:\/\/ladansedelours.fr\/#organization","name":"Brasserie La Danse de l&#039;Ours","url":"https:\/\/ladansedelours.fr\/","logo":{"@type":"ImageObject","inLanguage":"fr-FR","@id":"https:\/\/ladansedelours.fr\/#\/schema\/logo\/image\/","url":"http:\/\/ladansedelours.fr\/wp-content\/uploads\/2023\/03\/326418449_701706158298000_3284889841456524015_n-1.jpg","contentUrl":"http:\/\/ladansedelours.fr\/wp-content\/uploads\/2023\/03\/326418449_701706158298000_3284889841456524015_n-1.jpg","width":851,"height":315,"caption":"Brasserie La Danse de l&#039;Ours"},"image":{"@id":"https:\/\/ladansedelours.fr\/#\/schema\/logo\/image\/"},"sameAs":["https:\/\/www.facebook.com\/brasserieladansedelours","https:\/\/www.instagram.com\/ladanse_delours\/"]}]}},"_links":{"self":[{"href":"https:\/\/ladansedelours.fr\/index.php\/wp-json\/wp\/v2\/pages\/51","targetHints":{"allow":["GET"]}}],"collection":[{"href":"https:\/\/ladansedelours.fr\/index.php\/wp-json\/wp\/v2\/pages"}],"about":[{"href":"https:\/\/ladansedelours.fr\/index.php\/wp-json\/wp\/v2\/types\/page"}],"author":[{"embeddable":true,"href":"https:\/\/ladansedelours.fr\/index.php\/wp-json\/wp\/v2\/users\/1"}],"replies":[{"embeddable":true,"href":"https:\/\/ladansedelours.fr\/index.php\/wp-json\/wp\/v2\/comments?post=51"}],"version-history":[{"count":11,"href":"https:\/\/ladansedelours.fr\/index.php\/wp-json\/wp\/v2\/pages\/51\/revisions"}],"predecessor-version":[{"id":427,"href":"https:\/\/ladansedelours.fr\/index.php\/wp-json\/wp\/v2\/pages\/51\/revisions\/427"}],"wp:attachment":[{"href":"https:\/\/ladansedelours.fr\/index.php\/wp-json\/wp\/v2\/media?parent=51"}],"curies":[{"name":"wp","href":"https:\/\/api.w.org\/{rel}","templated":true}]}}