{"id":470,"date":"2024-05-29T10:06:15","date_gmt":"2024-05-29T08:06:15","guid":{"rendered":"https:\/\/ladansedelours.fr\/?page_id=470"},"modified":"2024-09-23T15:40:21","modified_gmt":"2024-09-23T13:40:21","slug":"la-dalle-de-lourse-biscuits-aux-dreches-de-la-brasserie","status":"publish","type":"page","link":"https:\/\/ladansedelours.fr\/index.php\/la-dalle-de-lourse-biscuits-aux-dreches-de-la-brasserie\/","title":{"rendered":"LA DALLE DE L&rsquo;OURSE &#8211; Biscuits aux dr\u00e8ches de la brasserie"},"content":{"rendered":"\t\t<div data-elementor-type=\"wp-page\" data-elementor-id=\"470\" class=\"elementor elementor-470\">\n\t\t\t\t\t\t\t\t\t<section class=\"elementor-section elementor-top-section elementor-element elementor-element-11966841 elementor-section-boxed elementor-section-height-default elementor-section-height-default\" data-id=\"11966841\" data-element_type=\"section\">\n\t\t\t\t\t\t<div class=\"elementor-container elementor-column-gap-default\">\n\t\t\t\t\t<div class=\"elementor-column elementor-col-100 elementor-top-column elementor-element elementor-element-46d2475d\" data-id=\"46d2475d\" data-element_type=\"column\">\n\t\t\t<div class=\"elementor-widget-wrap elementor-element-populated\">\n\t\t\t\t\t\t\t\t<div class=\"elementor-element elementor-element-2a37f6aa elementor-widget elementor-widget-text-editor\" data-id=\"2a37f6aa\" data-element_type=\"widget\" data-widget_type=\"text-editor.default\">\n\t\t\t\t<div class=\"elementor-widget-container\">\n\t\t\t<style>\/*! elementor - v3.11.3 - 07-03-2023 *\/\n.elementor-widget-text-editor.elementor-drop-cap-view-stacked .elementor-drop-cap{background-color:#818a91;color:#fff}.elementor-widget-text-editor.elementor-drop-cap-view-framed .elementor-drop-cap{color:#818a91;border:3px solid;background-color:transparent}.elementor-widget-text-editor:not(.elementor-drop-cap-view-default) .elementor-drop-cap{margin-top:8px}.elementor-widget-text-editor:not(.elementor-drop-cap-view-default) .elementor-drop-cap-letter{width:1em;height:1em}.elementor-widget-text-editor .elementor-drop-cap{float:left;text-align:center;line-height:1;font-size:50px}.elementor-widget-text-editor .elementor-drop-cap-letter{display:inline-block}<\/style>\t\t\t\t<p><!-- wp:image {\"id\":472,\"sizeSlug\":\"large\",\"linkDestination\":\"none\"} --><\/p>\n<figure class=\"wp-block-image size-large\"><img loading=\"lazy\" decoding=\"async\" width=\"1024\" height=\"394\" class=\"wp-image-472\" src=\"https:\/\/ladansedelours.fr\/wp-content\/uploads\/2024\/02\/Ladalledelourse_logo-1024x394.jpg\" alt=\"\" srcset=\"https:\/\/ladansedelours.fr\/wp-content\/uploads\/2024\/02\/Ladalledelourse_logo-1024x394.jpg 1024w, https:\/\/ladansedelours.fr\/wp-content\/uploads\/2024\/02\/Ladalledelourse_logo-600x231.jpg 600w, https:\/\/ladansedelours.fr\/wp-content\/uploads\/2024\/02\/Ladalledelourse_logo-300x116.jpg 300w, https:\/\/ladansedelours.fr\/wp-content\/uploads\/2024\/02\/Ladalledelourse_logo-768x296.jpg 768w, https:\/\/ladansedelours.fr\/wp-content\/uploads\/2024\/02\/Ladalledelourse_logo.jpg 1535w\" sizes=\"auto, (max-width: 1024px) 100vw, 1024px\" \/><\/figure>\n<p><!-- \/wp:image --><!-- wp:paragraph --><\/p>\n<p>Lorsque l&rsquo;Ours brasse sa bi\u00e8re, l&rsquo;Ourse r\u00e9cup\u00e8re ensuite les dr\u00e8ches pour les transformer en d\u00e9licieux biscuits sal\u00e9s et sucr\u00e9s !<\/p>\n<p><!-- \/wp:paragraph --><!-- wp:paragraph --><\/p>\n<p>La dr\u00eache, c\u2019est ce qu\u2019il reste \u00e0 la fin d\u2019un brassage. Il s\u2019agit des c\u00e9r\u00e9ales, le plus souvent de l\u2019orge malt\u00e9, qui ont servi \u00e0 la fabrication de la bi\u00e8re.<\/p>\n<p><!-- \/wp:paragraph --><!-- wp:paragraph --><\/p>\n<p>Les dr\u00eaches sont tr\u00e8s riches en fibres, en prot\u00e9ines, vitamines et acides amin\u00e9s, et ne contiennent plus de sucre.<\/p>\n<p><!-- \/wp:paragraph --><!-- wp:paragraph --><\/p>\n<p>R\u00e9cup\u00e9r\u00e9es, ces dr\u00eaches sont associ\u00e9es ensuite \u00e0 des ingr\u00e9dients bio et locaux et transform\u00e9es sur place en biscuits.<\/p>\n<p><!-- \/wp:paragraph --><!-- wp:paragraph --><\/p>\n<p>Il n\u2019y a pas d\u2019alcool, ni de houblon dans les dr\u00eaches. Les biscuits peuvent donc \u00eatre croqu\u00e9s par les 3 ours tout au long de leur vie\u00a0!<\/p>\n<p><!-- \/wp:paragraph --><!-- wp:image {\"id\":475,\"width\":\"244px\",\"height\":\"auto\",\"sizeSlug\":\"large\",\"linkDestination\":\"none\",\"align\":\"center\"} --><\/p>\n<figure class=\"wp-block-image aligncenter size-large is-resized\"><\/figure>\n<p><!-- \/wp:image --><!-- wp:paragraph --><\/p>\n<p>\u00a0<\/p>\n<p><!-- \/wp:paragraph --><\/p>\t\t\t\t\t\t<\/div>\n\t\t\t\t<\/div>\n\t\t\t\t\t<\/div>\n\t\t<\/div>\n\t\t\t\t\t\t\t<\/div>\n\t\t<\/section>\n\t\t\t\t<section class=\"elementor-section elementor-top-section elementor-element elementor-element-11595fd elementor-section-boxed elementor-section-height-default elementor-section-height-default\" data-id=\"11595fd\" data-element_type=\"section\">\n\t\t\t\t\t\t<div class=\"elementor-container elementor-column-gap-default\">\n\t\t\t\t\t<div class=\"elementor-column elementor-col-100 elementor-top-column elementor-element elementor-element-280307f\" data-id=\"280307f\" data-element_type=\"column\">\n\t\t\t<div class=\"elementor-widget-wrap elementor-element-populated\">\n\t\t\t\t\t\t\t\t<div class=\"elementor-element elementor-element-82177df elementor-widget elementor-widget-image\" data-id=\"82177df\" data-element_type=\"widget\" data-widget_type=\"image.default\">\n\t\t\t\t<div class=\"elementor-widget-container\">\n\t\t\t<style>\/*! elementor - v3.11.3 - 07-03-2023 *\/\n.elementor-widget-image{text-align:center}.elementor-widget-image a{display:inline-block}.elementor-widget-image a img[src$=\".svg\"]{width:48px}.elementor-widget-image img{vertical-align:middle;display:inline-block}<\/style>\t\t\t\t\t\t\t\t\t\t\t\t<img loading=\"lazy\" decoding=\"async\" width=\"1024\" height=\"855\" src=\"https:\/\/ladansedelours.fr\/wp-content\/uploads\/2024\/06\/IMG_20240601_130913_958-1024x855.jpg\" class=\"attachment-large size-large wp-image-584\" alt=\"\" srcset=\"https:\/\/ladansedelours.fr\/wp-content\/uploads\/2024\/06\/IMG_20240601_130913_958-1024x855.jpg 1024w, https:\/\/ladansedelours.fr\/wp-content\/uploads\/2024\/06\/IMG_20240601_130913_958-scaled-600x501.jpg 600w, https:\/\/ladansedelours.fr\/wp-content\/uploads\/2024\/06\/IMG_20240601_130913_958-300x250.jpg 300w, https:\/\/ladansedelours.fr\/wp-content\/uploads\/2024\/06\/IMG_20240601_130913_958-768x641.jpg 768w, https:\/\/ladansedelours.fr\/wp-content\/uploads\/2024\/06\/IMG_20240601_130913_958-1536x1282.jpg 1536w, https:\/\/ladansedelours.fr\/wp-content\/uploads\/2024\/06\/IMG_20240601_130913_958-2048x1709.jpg 2048w\" sizes=\"auto, (max-width: 1024px) 100vw, 1024px\" \/>\t\t\t\t\t\t\t\t\t\t\t\t\t\t\t<\/div>\n\t\t\t\t<\/div>\n\t\t\t\t\t<\/div>\n\t\t<\/div>\n\t\t\t\t\t\t\t<\/div>\n\t\t<\/section>\n\t\t\t\t<section class=\"elementor-section elementor-top-section elementor-element elementor-element-4afcdf2 elementor-section-boxed elementor-section-height-default elementor-section-height-default\" data-id=\"4afcdf2\" data-element_type=\"section\">\n\t\t\t\t\t\t<div class=\"elementor-container elementor-column-gap-default\">\n\t\t\t\t\t<div class=\"elementor-column elementor-col-100 elementor-top-column elementor-element elementor-element-5cb0b09\" data-id=\"5cb0b09\" data-element_type=\"column\">\n\t\t\t<div class=\"elementor-widget-wrap elementor-element-populated\">\n\t\t\t\t\t\t\t\t<div class=\"elementor-element elementor-element-c60c0de elementor-widget elementor-widget-text-editor\" data-id=\"c60c0de\" data-element_type=\"widget\" data-widget_type=\"text-editor.default\">\n\t\t\t\t<div class=\"elementor-widget-container\">\n\t\t\t\t\t\t\t<p><strong>Les biscuits sal\u00e9s de La Dalle de l&rsquo;Ourse sont disponibles avec les saveurs suivantes :<\/strong><\/p>\n<p><span style=\"color: var( --e-global-color-text ); font-family: var( --e-global-typography-text-font-family ), Sans-serif; font-weight: var( --e-global-typography-text-font-weight );\">Piment<\/span><\/p>\n<p>S\u00e9same<\/p>\n<p>Herbes de Province<\/p>\n<p>Graines de Cumin<\/p>\n<p><strong><a href=\"https:\/\/ladansedelours.fr\/index.php\/livraison-a-domicile\/\">COMMANDER EN LIGNE<\/a><\/strong><\/p>\n<p>Origine des ingr\u00e9dients :\u00a0<\/p>\n<ul>\n<li>Farine d&rsquo;\u00e9peautre bio &#8211; <strong><a href=\"https:\/\/www.lafermedecamille.fr\/\">LA FERME DE CAMILLE<\/a><\/strong> &#8211; Rives de l&rsquo;Yon (85)<\/li>\n<li>Dr\u00eaches de la brasserie <strong>LA DANSE DE L&rsquo;OURS<\/strong> &#8211; Rives de l&rsquo;Yon (85)<\/li>\n<li>Sel &#8211; <strong>LA SALORGE DE LA VERTONNE<\/strong> &#8211; Ile d&rsquo;Olonne (85)<\/li>\n<li>Herbes de Provence &#8211; <a href=\"https:\/\/www.fourmill-herbes.tangue.fr\/\"><strong>FOURMILL&rsquo;HERBES<\/strong><\/a> &#8211; Le Tablier (85)<\/li>\n<\/ul>\n<p>La Dalle de l&rsquo;Ourse &#8211;\u00a0<a href=\"marion@ladalledelourse.fr\"><strong>Contact mail<\/strong><\/a>\u00a0<\/p>\t\t\t\t\t\t<\/div>\n\t\t\t\t<\/div>\n\t\t\t\t\t<\/div>\n\t\t<\/div>\n\t\t\t\t\t\t\t<\/div>\n\t\t<\/section>\n\t\t\t\t<section class=\"elementor-section elementor-top-section elementor-element elementor-element-ce4d98f elementor-section-boxed elementor-section-height-default elementor-section-height-default\" data-id=\"ce4d98f\" data-element_type=\"section\">\n\t\t\t\t\t\t<div class=\"elementor-container elementor-column-gap-default\">\n\t\t\t\t\t<div class=\"elementor-column elementor-col-100 elementor-top-column elementor-element elementor-element-6c26159\" data-id=\"6c26159\" data-element_type=\"column\">\n\t\t\t<div class=\"elementor-widget-wrap\">\n\t\t\t\t\t\t\t\t\t<\/div>\n\t\t<\/div>\n\t\t\t\t\t\t\t<\/div>\n\t\t<\/section>\n\t\t\t\t\t\t\t<\/div>\n\t\t","protected":false},"excerpt":{"rendered":"<p>Lorsque l&rsquo;Ours brasse sa bi\u00e8re, l&rsquo;Ourse r\u00e9cup\u00e8re ensuite les dr\u00e8ches pour les transformer en d\u00e9licieux&#8230;<\/p>\n<div class=\"more-link-wrapper\"><a class=\"more-link\" href=\"https:\/\/ladansedelours.fr\/index.php\/la-dalle-de-lourse-biscuits-aux-dreches-de-la-brasserie\/\">Read the post<span class=\"screen-reader-text\">LA DALLE DE L&rsquo;OURSE &#8211; Biscuits aux dr\u00e8ches de la brasserie<\/span><\/a><\/div>\n","protected":false},"author":1,"featured_media":0,"parent":0,"menu_order":0,"comment_status":"closed","ping_status":"closed","template":"","meta":{"footnotes":""},"class_list":["post-470","page","type-page","status-publish","hentry","excerpt","zoom","full-without-featured","even","excerpt-0"],"yoast_head":"<!-- This site is optimized with the Yoast SEO plugin v20.2.1 - https:\/\/yoast.com\/wordpress\/plugins\/seo\/ -->\n<title>LA DALLE DE L&#039;OURSE - Biscuits aux dr\u00e8ches de la brasserie - Brasserie La Danse de l&#039;Ours<\/title>\n<meta name=\"description\" content=\"Biscuits aux dr\u00e8ches de bi\u00e8res de la brasserie de la Danse de l&#039;Ours \u00e0 Chaill\u00e9-sous-les-Ormeaux (Rives de l&#039;Yon) en Vend\u00e9e\" \/>\n<meta name=\"robots\" content=\"index, follow, max-snippet:-1, max-image-preview:large, max-video-preview:-1\" \/>\n<link rel=\"canonical\" href=\"https:\/\/ladansedelours.fr\/index.php\/la-dalle-de-lourse-biscuits-aux-dreches-de-la-brasserie\/\" \/>\n<meta property=\"og:locale\" content=\"fr_FR\" \/>\n<meta property=\"og:type\" content=\"article\" \/>\n<meta property=\"og:title\" content=\"LA DALLE DE L&#039;OURSE - Biscuits aux dr\u00e8ches de la brasserie - Brasserie La Danse de l&#039;Ours\" \/>\n<meta property=\"og:url\" content=\"https:\/\/ladansedelours.fr\/index.php\/la-dalle-de-lourse-biscuits-aux-dreches-de-la-brasserie\/\" \/>\n<meta property=\"og:site_name\" content=\"Brasserie La Danse de l&#039;Ours\" \/>\n<meta property=\"article:publisher\" content=\"https:\/\/www.facebook.com\/brasserieladansedelours\" \/>\n<meta property=\"article:modified_time\" content=\"2024-09-23T13:40:21+00:00\" \/>\n<meta property=\"og:image\" content=\"https:\/\/ladansedelours.fr\/wp-content\/uploads\/2024\/02\/Ladalledelourse_logo-1024x394.jpg\" \/>\n<meta name=\"twitter:card\" content=\"summary_large_image\" \/>\n<meta name=\"twitter:label1\" content=\"Dur\u00e9e de lecture estim\u00e9e\" \/>\n\t<meta name=\"twitter:data1\" content=\"2 minutes\" \/>\n<script type=\"application\/ld+json\" class=\"yoast-schema-graph\">{\"@context\":\"https:\/\/schema.org\",\"@graph\":[{\"@type\":\"WebPage\",\"@id\":\"https:\/\/ladansedelours.fr\/index.php\/la-dalle-de-lourse-biscuits-aux-dreches-de-la-brasserie\/\",\"url\":\"https:\/\/ladansedelours.fr\/index.php\/la-dalle-de-lourse-biscuits-aux-dreches-de-la-brasserie\/\",\"name\":\"LA DALLE DE L'OURSE - Biscuits aux dr\u00e8ches de la brasserie - Brasserie La Danse de l&#039;Ours\",\"isPartOf\":{\"@id\":\"https:\/\/ladansedelours.fr\/#website\"},\"datePublished\":\"2024-05-29T08:06:15+00:00\",\"dateModified\":\"2024-09-23T13:40:21+00:00\",\"description\":\"Biscuits aux dr\u00e8ches de bi\u00e8res de la brasserie de la Danse de l'Ours \u00e0 Chaill\u00e9-sous-les-Ormeaux (Rives de l'Yon) en Vend\u00e9e\",\"breadcrumb\":{\"@id\":\"https:\/\/ladansedelours.fr\/index.php\/la-dalle-de-lourse-biscuits-aux-dreches-de-la-brasserie\/#breadcrumb\"},\"inLanguage\":\"fr-FR\",\"potentialAction\":[{\"@type\":\"ReadAction\",\"target\":[\"https:\/\/ladansedelours.fr\/index.php\/la-dalle-de-lourse-biscuits-aux-dreches-de-la-brasserie\/\"]}]},{\"@type\":\"BreadcrumbList\",\"@id\":\"https:\/\/ladansedelours.fr\/index.php\/la-dalle-de-lourse-biscuits-aux-dreches-de-la-brasserie\/#breadcrumb\",\"itemListElement\":[{\"@type\":\"ListItem\",\"position\":1,\"name\":\"Accueil\",\"item\":\"https:\/\/ladansedelours.fr\/\"},{\"@type\":\"ListItem\",\"position\":2,\"name\":\"LA DALLE DE L&rsquo;OURSE &#8211; Biscuits aux dr\u00e8ches de la brasserie\"}]},{\"@type\":\"WebSite\",\"@id\":\"https:\/\/ladansedelours.fr\/#website\",\"url\":\"https:\/\/ladansedelours.fr\/\",\"name\":\"Brasserie La Danse de l&#039;Ours\",\"description\":\"\",\"publisher\":{\"@id\":\"https:\/\/ladansedelours.fr\/#organization\"},\"potentialAction\":[{\"@type\":\"SearchAction\",\"target\":{\"@type\":\"EntryPoint\",\"urlTemplate\":\"https:\/\/ladansedelours.fr\/?s={search_term_string}\"},\"query-input\":\"required name=search_term_string\"}],\"inLanguage\":\"fr-FR\"},{\"@type\":\"Organization\",\"@id\":\"https:\/\/ladansedelours.fr\/#organization\",\"name\":\"Brasserie La Danse de l&#039;Ours\",\"url\":\"https:\/\/ladansedelours.fr\/\",\"logo\":{\"@type\":\"ImageObject\",\"inLanguage\":\"fr-FR\",\"@id\":\"https:\/\/ladansedelours.fr\/#\/schema\/logo\/image\/\",\"url\":\"http:\/\/ladansedelours.fr\/wp-content\/uploads\/2023\/03\/326418449_701706158298000_3284889841456524015_n-1.jpg\",\"contentUrl\":\"http:\/\/ladansedelours.fr\/wp-content\/uploads\/2023\/03\/326418449_701706158298000_3284889841456524015_n-1.jpg\",\"width\":851,\"height\":315,\"caption\":\"Brasserie La Danse de l&#039;Ours\"},\"image\":{\"@id\":\"https:\/\/ladansedelours.fr\/#\/schema\/logo\/image\/\"},\"sameAs\":[\"https:\/\/www.facebook.com\/brasserieladansedelours\",\"https:\/\/www.instagram.com\/ladanse_delours\/\"]}]}<\/script>\n<!-- \/ Yoast SEO plugin. -->","yoast_head_json":{"title":"LA DALLE DE L'OURSE - Biscuits aux dr\u00e8ches de la brasserie - Brasserie La Danse de l&#039;Ours","description":"Biscuits aux dr\u00e8ches de bi\u00e8res de la brasserie de la Danse de l'Ours \u00e0 Chaill\u00e9-sous-les-Ormeaux (Rives de l'Yon) en Vend\u00e9e","robots":{"index":"index","follow":"follow","max-snippet":"max-snippet:-1","max-image-preview":"max-image-preview:large","max-video-preview":"max-video-preview:-1"},"canonical":"https:\/\/ladansedelours.fr\/index.php\/la-dalle-de-lourse-biscuits-aux-dreches-de-la-brasserie\/","og_locale":"fr_FR","og_type":"article","og_title":"LA DALLE DE L'OURSE - Biscuits aux dr\u00e8ches de la brasserie - Brasserie La Danse de l&#039;Ours","og_url":"https:\/\/ladansedelours.fr\/index.php\/la-dalle-de-lourse-biscuits-aux-dreches-de-la-brasserie\/","og_site_name":"Brasserie La Danse de l&#039;Ours","article_publisher":"https:\/\/www.facebook.com\/brasserieladansedelours","article_modified_time":"2024-09-23T13:40:21+00:00","og_image":[{"url":"https:\/\/ladansedelours.fr\/wp-content\/uploads\/2024\/02\/Ladalledelourse_logo-1024x394.jpg"}],"twitter_card":"summary_large_image","twitter_misc":{"Dur\u00e9e de lecture estim\u00e9e":"2 minutes"},"schema":{"@context":"https:\/\/schema.org","@graph":[{"@type":"WebPage","@id":"https:\/\/ladansedelours.fr\/index.php\/la-dalle-de-lourse-biscuits-aux-dreches-de-la-brasserie\/","url":"https:\/\/ladansedelours.fr\/index.php\/la-dalle-de-lourse-biscuits-aux-dreches-de-la-brasserie\/","name":"LA DALLE DE L'OURSE - Biscuits aux dr\u00e8ches de la brasserie - Brasserie La Danse de l&#039;Ours","isPartOf":{"@id":"https:\/\/ladansedelours.fr\/#website"},"datePublished":"2024-05-29T08:06:15+00:00","dateModified":"2024-09-23T13:40:21+00:00","description":"Biscuits aux dr\u00e8ches de bi\u00e8res de la brasserie de la Danse de l'Ours \u00e0 Chaill\u00e9-sous-les-Ormeaux (Rives de l'Yon) en Vend\u00e9e","breadcrumb":{"@id":"https:\/\/ladansedelours.fr\/index.php\/la-dalle-de-lourse-biscuits-aux-dreches-de-la-brasserie\/#breadcrumb"},"inLanguage":"fr-FR","potentialAction":[{"@type":"ReadAction","target":["https:\/\/ladansedelours.fr\/index.php\/la-dalle-de-lourse-biscuits-aux-dreches-de-la-brasserie\/"]}]},{"@type":"BreadcrumbList","@id":"https:\/\/ladansedelours.fr\/index.php\/la-dalle-de-lourse-biscuits-aux-dreches-de-la-brasserie\/#breadcrumb","itemListElement":[{"@type":"ListItem","position":1,"name":"Accueil","item":"https:\/\/ladansedelours.fr\/"},{"@type":"ListItem","position":2,"name":"LA DALLE DE L&rsquo;OURSE &#8211; Biscuits aux dr\u00e8ches de la brasserie"}]},{"@type":"WebSite","@id":"https:\/\/ladansedelours.fr\/#website","url":"https:\/\/ladansedelours.fr\/","name":"Brasserie La Danse de l&#039;Ours","description":"","publisher":{"@id":"https:\/\/ladansedelours.fr\/#organization"},"potentialAction":[{"@type":"SearchAction","target":{"@type":"EntryPoint","urlTemplate":"https:\/\/ladansedelours.fr\/?s={search_term_string}"},"query-input":"required name=search_term_string"}],"inLanguage":"fr-FR"},{"@type":"Organization","@id":"https:\/\/ladansedelours.fr\/#organization","name":"Brasserie La Danse de l&#039;Ours","url":"https:\/\/ladansedelours.fr\/","logo":{"@type":"ImageObject","inLanguage":"fr-FR","@id":"https:\/\/ladansedelours.fr\/#\/schema\/logo\/image\/","url":"http:\/\/ladansedelours.fr\/wp-content\/uploads\/2023\/03\/326418449_701706158298000_3284889841456524015_n-1.jpg","contentUrl":"http:\/\/ladansedelours.fr\/wp-content\/uploads\/2023\/03\/326418449_701706158298000_3284889841456524015_n-1.jpg","width":851,"height":315,"caption":"Brasserie La Danse de l&#039;Ours"},"image":{"@id":"https:\/\/ladansedelours.fr\/#\/schema\/logo\/image\/"},"sameAs":["https:\/\/www.facebook.com\/brasserieladansedelours","https:\/\/www.instagram.com\/ladanse_delours\/"]}]}},"_links":{"self":[{"href":"https:\/\/ladansedelours.fr\/index.php\/wp-json\/wp\/v2\/pages\/470","targetHints":{"allow":["GET"]}}],"collection":[{"href":"https:\/\/ladansedelours.fr\/index.php\/wp-json\/wp\/v2\/pages"}],"about":[{"href":"https:\/\/ladansedelours.fr\/index.php\/wp-json\/wp\/v2\/types\/page"}],"author":[{"embeddable":true,"href":"https:\/\/ladansedelours.fr\/index.php\/wp-json\/wp\/v2\/users\/1"}],"replies":[{"embeddable":true,"href":"https:\/\/ladansedelours.fr\/index.php\/wp-json\/wp\/v2\/comments?post=470"}],"version-history":[{"count":29,"href":"https:\/\/ladansedelours.fr\/index.php\/wp-json\/wp\/v2\/pages\/470\/revisions"}],"predecessor-version":[{"id":755,"href":"https:\/\/ladansedelours.fr\/index.php\/wp-json\/wp\/v2\/pages\/470\/revisions\/755"}],"wp:attachment":[{"href":"https:\/\/ladansedelours.fr\/index.php\/wp-json\/wp\/v2\/media?parent=470"}],"curies":[{"name":"wp","href":"https:\/\/api.w.org\/{rel}","templated":true}]}}