{"id":435,"date":"2024-02-29T14:15:01","date_gmt":"2024-02-29T13:15:01","guid":{"rendered":"http:\/\/ladansedelours.fr\/?page_id=435"},"modified":"2025-10-24T11:28:21","modified_gmt":"2025-10-24T09:28:21","slug":"grizzly-stardust","status":"publish","type":"page","link":"https:\/\/ladansedelours.fr\/index.php\/grizzly-stardust\/","title":{"rendered":"GRIZZLY STARDUST"},"content":{"rendered":"\t\t<div data-elementor-type=\"wp-page\" data-elementor-id=\"435\" class=\"elementor elementor-435\">\n\t\t\t\t\t\t\t\t\t<section class=\"elementor-section elementor-top-section elementor-element elementor-element-0dc8e54 elementor-section-boxed elementor-section-height-default elementor-section-height-default\" data-id=\"0dc8e54\" data-element_type=\"section\">\n\t\t\t\t\t\t<div class=\"elementor-container elementor-column-gap-default\">\n\t\t\t\t\t<div class=\"elementor-column elementor-col-100 elementor-top-column elementor-element elementor-element-4c7467f\" data-id=\"4c7467f\" data-element_type=\"column\">\n\t\t\t<div class=\"elementor-widget-wrap elementor-element-populated\">\n\t\t\t\t\t\t\t\t<div class=\"elementor-element elementor-element-b0b1a5d elementor-widget elementor-widget-heading\" data-id=\"b0b1a5d\" data-element_type=\"widget\" data-widget_type=\"heading.default\">\n\t\t\t\t<div class=\"elementor-widget-container\">\n\t\t\t<style>\/*! elementor - v3.11.3 - 07-03-2023 *\/\n.elementor-heading-title{padding:0;margin:0;line-height:1}.elementor-widget-heading .elementor-heading-title[class*=elementor-size-]>a{color:inherit;font-size:inherit;line-height:inherit}.elementor-widget-heading .elementor-heading-title.elementor-size-small{font-size:15px}.elementor-widget-heading .elementor-heading-title.elementor-size-medium{font-size:19px}.elementor-widget-heading .elementor-heading-title.elementor-size-large{font-size:29px}.elementor-widget-heading .elementor-heading-title.elementor-size-xl{font-size:39px}.elementor-widget-heading .elementor-heading-title.elementor-size-xxl{font-size:59px}<\/style><h2 class=\"elementor-heading-title elementor-size-default\">Bi\u00e8re \"Saison IPA\"<\/h2>\t\t<\/div>\n\t\t\t\t<\/div>\n\t\t\t\t\t<\/div>\n\t\t<\/div>\n\t\t\t\t\t\t\t<\/div>\n\t\t<\/section>\n\t\t\t\t<section class=\"elementor-section elementor-top-section elementor-element elementor-element-2fd8510 elementor-section-boxed elementor-section-height-default elementor-section-height-default\" data-id=\"2fd8510\" data-element_type=\"section\">\n\t\t\t\t\t\t<div class=\"elementor-container elementor-column-gap-default\">\n\t\t\t\t\t<div class=\"elementor-column elementor-col-100 elementor-top-column elementor-element elementor-element-a4fb71c\" data-id=\"a4fb71c\" data-element_type=\"column\">\n\t\t\t<div class=\"elementor-widget-wrap elementor-element-populated\">\n\t\t\t\t\t\t\t\t<div class=\"elementor-element elementor-element-fab9e15 elementor-widget elementor-widget-image\" data-id=\"fab9e15\" data-element_type=\"widget\" data-widget_type=\"image.default\">\n\t\t\t\t<div class=\"elementor-widget-container\">\n\t\t\t<style>\/*! elementor - v3.11.3 - 07-03-2023 *\/\n.elementor-widget-image{text-align:center}.elementor-widget-image a{display:inline-block}.elementor-widget-image a img[src$=\".svg\"]{width:48px}.elementor-widget-image img{vertical-align:middle;display:inline-block}<\/style>\t\t\t\t\t\t\t\t\t\t\t\t<img loading=\"lazy\" decoding=\"async\" width=\"1024\" height=\"883\" src=\"https:\/\/ladansedelours.fr\/wp-content\/uploads\/2025\/10\/GRIZZLY-BIO-33-1024x883.jpg\" class=\"attachment-large size-large wp-image-1048\" alt=\"\" srcset=\"https:\/\/ladansedelours.fr\/wp-content\/uploads\/2025\/10\/GRIZZLY-BIO-33-1024x883.jpg 1024w, https:\/\/ladansedelours.fr\/wp-content\/uploads\/2025\/10\/GRIZZLY-BIO-33-300x259.jpg 300w, https:\/\/ladansedelours.fr\/wp-content\/uploads\/2025\/10\/GRIZZLY-BIO-33-768x662.jpg 768w, https:\/\/ladansedelours.fr\/wp-content\/uploads\/2025\/10\/GRIZZLY-BIO-33-600x517.jpg 600w, https:\/\/ladansedelours.fr\/wp-content\/uploads\/2025\/10\/GRIZZLY-BIO-33.jpg 1507w\" sizes=\"auto, (max-width: 1024px) 100vw, 1024px\" \/>\t\t\t\t\t\t\t\t\t\t\t\t\t\t\t<\/div>\n\t\t\t\t<\/div>\n\t\t\t\t\t<\/div>\n\t\t<\/div>\n\t\t\t\t\t\t\t<\/div>\n\t\t<\/section>\n\t\t\t\t<section class=\"elementor-section elementor-top-section elementor-element elementor-element-a9480d2 elementor-section-boxed elementor-section-height-default elementor-section-height-default\" data-id=\"a9480d2\" data-element_type=\"section\">\n\t\t\t\t\t\t<div class=\"elementor-container elementor-column-gap-default\">\n\t\t\t\t\t<div class=\"elementor-column elementor-col-100 elementor-top-column elementor-element elementor-element-9e0065a\" data-id=\"9e0065a\" data-element_type=\"column\">\n\t\t\t<div class=\"elementor-widget-wrap elementor-element-populated\">\n\t\t\t\t\t\t\t\t<div class=\"elementor-element elementor-element-5dd620e elementor-widget elementor-widget-heading\" data-id=\"5dd620e\" data-element_type=\"widget\" data-widget_type=\"heading.default\">\n\t\t\t\t<div class=\"elementor-widget-container\">\n\t\t\t<h2 class=\"elementor-heading-title elementor-size-default\">Couleur : Blonde \/ Amertume : prononc\u00e9e \/ Alcool : 6,1%<\/h2>\t\t<\/div>\n\t\t\t\t<\/div>\n\t\t\t\t\t<\/div>\n\t\t<\/div>\n\t\t\t\t\t\t\t<\/div>\n\t\t<\/section>\n\t\t\t\t<section class=\"elementor-section elementor-top-section elementor-element elementor-element-62e1116 elementor-section-boxed elementor-section-height-default elementor-section-height-default\" data-id=\"62e1116\" data-element_type=\"section\">\n\t\t\t\t\t\t<div class=\"elementor-container elementor-column-gap-default\">\n\t\t\t\t\t<div class=\"elementor-column elementor-col-100 elementor-top-column elementor-element elementor-element-77caf4d\" data-id=\"77caf4d\" data-element_type=\"column\">\n\t\t\t<div class=\"elementor-widget-wrap elementor-element-populated\">\n\t\t\t\t\t\t\t\t<div class=\"elementor-element elementor-element-0285968 elementor-widget elementor-widget-text-editor\" data-id=\"0285968\" data-element_type=\"widget\" data-widget_type=\"text-editor.default\">\n\t\t\t\t<div class=\"elementor-widget-container\">\n\t\t\t<style>\/*! elementor - v3.11.3 - 07-03-2023 *\/\n.elementor-widget-text-editor.elementor-drop-cap-view-stacked .elementor-drop-cap{background-color:#818a91;color:#fff}.elementor-widget-text-editor.elementor-drop-cap-view-framed .elementor-drop-cap{color:#818a91;border:3px solid;background-color:transparent}.elementor-widget-text-editor:not(.elementor-drop-cap-view-default) .elementor-drop-cap{margin-top:8px}.elementor-widget-text-editor:not(.elementor-drop-cap-view-default) .elementor-drop-cap-letter{width:1em;height:1em}.elementor-widget-text-editor .elementor-drop-cap{float:left;text-align:center;line-height:1;font-size:50px}.elementor-widget-text-editor .elementor-drop-cap-letter{display:inline-block}<\/style>\t\t\t\t<p>La Grizzly Stardust est une bi\u00e8re de style Saison, traditionnellement une bi\u00e8re de ferme des Flandres, brass\u00e9e en fin d&rsquo;hiver avec les c\u00e9r\u00e9ales restantes, afin de d\u00e9salt\u00e9rer les ouvriers agricoles \u00e0 la saison des moissons.<\/p><p>On y trouve trois c\u00e9r\u00e9ales diff\u00e9rentes (orge, bl\u00e9 et \u00e9peautre) et un seul et unique houblon, le Comet,<em><strong><br \/><\/strong><\/em><br \/>D&rsquo;o\u00f9 le caract\u00e8re bien houblonn\u00e9 de cette bi\u00e8re \u00e0 la crois\u00e9e de la Saison et de l&rsquo;IPA. Avec de l&rsquo;amertume, certes, mais une amertume qui se d\u00e9ploie plut\u00f4t en longueur, et surtout avec l&rsquo;ar\u00f4me caract\u00e9ristique de la vari\u00e9t\u00e9 Comet, \u00e0 savoir une explosion de pamplemousse en bouche!<\/p><p><em><strong>Disponible en bouteille 33 et 75cl<\/strong><\/em><\/p>\t\t\t\t\t\t<\/div>\n\t\t\t\t<\/div>\n\t\t\t\t\t<\/div>\n\t\t<\/div>\n\t\t\t\t\t\t\t<\/div>\n\t\t<\/section>\n\t\t\t\t<section class=\"elementor-section elementor-top-section elementor-element elementor-element-09b616d elementor-section-boxed elementor-section-height-default elementor-section-height-default\" data-id=\"09b616d\" data-element_type=\"section\">\n\t\t\t\t\t\t<div class=\"elementor-container elementor-column-gap-default\">\n\t\t\t\t\t<div class=\"elementor-column elementor-col-50 elementor-top-column elementor-element elementor-element-b9ae1ea\" data-id=\"b9ae1ea\" data-element_type=\"column\">\n\t\t\t<div class=\"elementor-widget-wrap elementor-element-populated\">\n\t\t\t\t\t\t\t\t<div class=\"elementor-element elementor-element-3a8a4a8 elementor-widget elementor-widget-image\" data-id=\"3a8a4a8\" data-element_type=\"widget\" data-widget_type=\"image.default\">\n\t\t\t\t<div class=\"elementor-widget-container\">\n\t\t\t\t\t\t\t\t\t\t\t\t\t\t\t<img loading=\"lazy\" decoding=\"async\" width=\"768\" height=\"1024\" src=\"https:\/\/ladansedelours.fr\/wp-content\/uploads\/2024\/02\/Grizzly_resized_20240212_110336723-768x1024.jpg\" class=\"attachment-large size-large wp-image-488\" alt=\"\" srcset=\"https:\/\/ladansedelours.fr\/wp-content\/uploads\/2024\/02\/Grizzly_resized_20240212_110336723-768x1024.jpg 768w, https:\/\/ladansedelours.fr\/wp-content\/uploads\/2024\/02\/Grizzly_resized_20240212_110336723-600x800.jpg 600w, https:\/\/ladansedelours.fr\/wp-content\/uploads\/2024\/02\/Grizzly_resized_20240212_110336723-225x300.jpg 225w, https:\/\/ladansedelours.fr\/wp-content\/uploads\/2024\/02\/Grizzly_resized_20240212_110336723-1152x1536.jpg 1152w, https:\/\/ladansedelours.fr\/wp-content\/uploads\/2024\/02\/Grizzly_resized_20240212_110336723.jpg 1224w\" sizes=\"auto, (max-width: 768px) 100vw, 768px\" \/>\t\t\t\t\t\t\t\t\t\t\t\t\t\t\t<\/div>\n\t\t\t\t<\/div>\n\t\t\t\t\t<\/div>\n\t\t<\/div>\n\t\t\t\t<div class=\"elementor-column elementor-col-50 elementor-top-column elementor-element elementor-element-a9c0084\" data-id=\"a9c0084\" data-element_type=\"column\">\n\t\t\t<div class=\"elementor-widget-wrap elementor-element-populated\">\n\t\t\t\t\t\t\t\t<div class=\"elementor-element elementor-element-a0f6047 elementor-widget elementor-widget-image\" data-id=\"a0f6047\" data-element_type=\"widget\" data-widget_type=\"image.default\">\n\t\t\t\t<div class=\"elementor-widget-container\">\n\t\t\t\t\t\t\t\t\t\t\t\t\t\t\t<img decoding=\"async\" src=\"https:\/\/ladansedelours.fr\/wp-content\/plugins\/elementor\/assets\/images\/placeholder.png\" title=\"\" alt=\"\" loading=\"lazy\" \/>\t\t\t\t\t\t\t\t\t\t\t\t\t\t\t<\/div>\n\t\t\t\t<\/div>\n\t\t\t\t\t<\/div>\n\t\t<\/div>\n\t\t\t\t\t\t\t<\/div>\n\t\t<\/section>\n\t\t\t\t<section class=\"elementor-section elementor-top-section elementor-element elementor-element-d84285a elementor-section-boxed elementor-section-height-default elementor-section-height-default\" data-id=\"d84285a\" data-element_type=\"section\">\n\t\t\t\t\t\t<div class=\"elementor-container elementor-column-gap-default\">\n\t\t\t\t\t<div class=\"elementor-column elementor-col-100 elementor-top-column elementor-element elementor-element-8cf2731\" data-id=\"8cf2731\" data-element_type=\"column\">\n\t\t\t<div class=\"elementor-widget-wrap elementor-element-populated\">\n\t\t\t\t\t\t\t\t<div class=\"elementor-element elementor-element-dd983ba elementor-widget elementor-widget-text-editor\" data-id=\"dd983ba\" data-element_type=\"widget\" data-widget_type=\"text-editor.default\">\n\t\t\t\t<div class=\"elementor-widget-container\">\n\t\t\t\t\t\t\t<p>Avec le Comet, comment ne pas r\u00e9sister \u00e0 rendre hommage au personnage mythique de David Bowie et \u00e0 cet album g\u00e9nial qui continue d&rsquo;accompagner nombre de s\u00e9ances de\u00a0 brassage.<\/p>\t\t\t\t\t\t<\/div>\n\t\t\t\t<\/div>\n\t\t\t\t\t<\/div>\n\t\t<\/div>\n\t\t\t\t\t\t\t<\/div>\n\t\t<\/section>\n\t\t\t\t<section class=\"elementor-section elementor-top-section elementor-element elementor-element-6e8c0d7 elementor-section-boxed elementor-section-height-default elementor-section-height-default\" data-id=\"6e8c0d7\" data-element_type=\"section\">\n\t\t\t\t\t\t<div class=\"elementor-container elementor-column-gap-default\">\n\t\t\t\t\t<div class=\"elementor-column elementor-col-100 elementor-top-column elementor-element elementor-element-f1de75e\" data-id=\"f1de75e\" data-element_type=\"column\">\n\t\t\t<div class=\"elementor-widget-wrap elementor-element-populated\">\n\t\t\t\t\t\t\t\t<div class=\"elementor-element elementor-element-7348135 elementor-widget elementor-widget-video\" data-id=\"7348135\" data-element_type=\"widget\" data-settings=\"{&quot;youtube_url&quot;:&quot;https:\\\/\\\/www.youtube.com\\\/watch?v=qrbNgOzcApo&quot;,&quot;video_type&quot;:&quot;youtube&quot;,&quot;controls&quot;:&quot;yes&quot;}\" data-widget_type=\"video.default\">\n\t\t\t\t<div class=\"elementor-widget-container\">\n\t\t\t<style>\/*! elementor - v3.11.3 - 07-03-2023 *\/\n.elementor-widget-video .elementor-widget-container{overflow:hidden;transform:translateZ(0)}.elementor-widget-video .elementor-wrapper iframe,.elementor-widget-video .elementor-wrapper video{height:100%;width:100%;border:none;background-color:#000}.elementor-widget-video .elementor-open-inline .elementor-custom-embed-image-overlay{position:absolute;top:0;left:0;width:100%;height:100%;background-size:cover;background-position:50%}.elementor-widget-video .elementor-custom-embed-image-overlay{cursor:pointer;text-align:center}.elementor-widget-video .elementor-custom-embed-image-overlay:hover .elementor-custom-embed-play i{opacity:1}.elementor-widget-video .elementor-custom-embed-image-overlay img{display:block;width:100%}.elementor-widget-video .e-hosted-video .elementor-video{-o-object-fit:cover;object-fit:cover}.e-con-inner>.elementor-widget-video,.e-con>.elementor-widget-video{width:var(--container-widget-width);--flex-grow:var(--container-widget-flex-grow)}<\/style>\t\t<div class=\"elementor-wrapper elementor-open-inline\">\n\t\t\t<div class=\"elementor-video\"><\/div>\t\t<\/div>\n\t\t\t\t<\/div>\n\t\t\t\t<\/div>\n\t\t\t\t\t<\/div>\n\t\t<\/div>\n\t\t\t\t\t\t\t<\/div>\n\t\t<\/section>\n\t\t\t\t<section class=\"elementor-section elementor-top-section elementor-element elementor-element-b490eef elementor-section-boxed elementor-section-height-default elementor-section-height-default\" data-id=\"b490eef\" data-element_type=\"section\">\n\t\t\t\t\t\t<div class=\"elementor-container elementor-column-gap-default\">\n\t\t\t\t\t<div class=\"elementor-column elementor-col-50 elementor-top-column elementor-element elementor-element-693064c\" data-id=\"693064c\" data-element_type=\"column\">\n\t\t\t<div class=\"elementor-widget-wrap elementor-element-populated\">\n\t\t\t\t\t\t\t\t<div class=\"elementor-element elementor-element-4cfe191 elementor-widget elementor-widget-text-editor\" data-id=\"4cfe191\" data-element_type=\"widget\" data-widget_type=\"text-editor.default\">\n\t\t\t\t<div class=\"elementor-widget-container\">\n\t\t\t\t\t\t\t<pre><strong>Origine<\/strong><em><strong> des ingr\u00e9dients :<\/strong><\/em><br \/>Malts d'orge* et de bl\u00e9* : Morbihan (54%) - <em>Yec'Hed Malt<\/em><br \/>Malt d'orge*, flocons de bl\u00e9* :\u00a0Charente Maritime\u00a0 (29,5%)<br \/>Malt d'\u00e9peautre* et malt sp\u00e9cial Cara Clair* : Belgique (16,5%)<br \/>Houblon Comet* : Vend\u00e9e <em>- Le Houblon du Grand Charlot \/ Aizenay.<br \/><\/em>Sucre de betterave<em>* : France<br \/><\/em><\/pre>\t\t\t\t\t\t<\/div>\n\t\t\t\t<\/div>\n\t\t\t\t\t<\/div>\n\t\t<\/div>\n\t\t\t\t<div class=\"elementor-column elementor-col-50 elementor-top-column elementor-element elementor-element-294b092\" data-id=\"294b092\" data-element_type=\"column\">\n\t\t\t<div class=\"elementor-widget-wrap elementor-element-populated\">\n\t\t\t\t\t\t\t\t<div class=\"elementor-element elementor-element-144f66a elementor-widget elementor-widget-image\" data-id=\"144f66a\" data-element_type=\"widget\" data-widget_type=\"image.default\">\n\t\t\t\t<div class=\"elementor-widget-container\">\n\t\t\t\t\t\t\t\t\t\t\t\t\t\t\t<img loading=\"lazy\" decoding=\"async\" width=\"413\" height=\"260\" src=\"https:\/\/ladansedelours.fr\/wp-content\/uploads\/2024\/10\/PROJET-ETIQUETTE-BIO-sans-calques.png\" class=\"attachment-large size-large wp-image-772\" alt=\"\" srcset=\"https:\/\/ladansedelours.fr\/wp-content\/uploads\/2024\/10\/PROJET-ETIQUETTE-BIO-sans-calques.png 413w, https:\/\/ladansedelours.fr\/wp-content\/uploads\/2024\/10\/PROJET-ETIQUETTE-BIO-sans-calques-300x189.png 300w\" sizes=\"auto, (max-width: 413px) 100vw, 413px\" \/>\t\t\t\t\t\t\t\t\t\t\t\t\t\t\t<\/div>\n\t\t\t\t<\/div>\n\t\t\t\t\t<\/div>\n\t\t<\/div>\n\t\t\t\t\t\t\t<\/div>\n\t\t<\/section>\n\t\t\t\t<section class=\"elementor-section elementor-top-section elementor-element elementor-element-fbdee83 elementor-section-boxed elementor-section-height-default elementor-section-height-default\" data-id=\"fbdee83\" data-element_type=\"section\">\n\t\t\t\t\t\t<div class=\"elementor-container elementor-column-gap-default\">\n\t\t\t\t\t<div class=\"elementor-column elementor-col-100 elementor-top-column elementor-element elementor-element-c5618d5\" data-id=\"c5618d5\" data-element_type=\"column\">\n\t\t\t<div class=\"elementor-widget-wrap elementor-element-populated\">\n\t\t\t\t\t\t\t\t<div class=\"elementor-element elementor-element-469eed6 elementor-widget elementor-widget-text-editor\" data-id=\"469eed6\" data-element_type=\"widget\" data-widget_type=\"text-editor.default\">\n\t\t\t\t<div class=\"elementor-widget-container\">\n\t\t\t\t\t\t\t<pre><em>* Ingr\u00e9dients issus de l'agriculture biologique<\/em><\/pre>\t\t\t\t\t\t<\/div>\n\t\t\t\t<\/div>\n\t\t\t\t\t<\/div>\n\t\t<\/div>\n\t\t\t\t\t\t\t<\/div>\n\t\t<\/section>\n\t\t\t\t\t\t\t<\/div>\n\t\t","protected":false},"excerpt":{"rendered":"<p>Bi\u00e8re \u00ab\u00a0Saison IPA\u00a0\u00bb Couleur : Blonde \/ Amertume : prononc\u00e9e \/ Alcool : 6,1% La&#8230;<\/p>\n<div class=\"more-link-wrapper\"><a class=\"more-link\" href=\"https:\/\/ladansedelours.fr\/index.php\/grizzly-stardust\/\">Read the post<span class=\"screen-reader-text\">GRIZZLY STARDUST<\/span><\/a><\/div>\n","protected":false},"author":1,"featured_media":0,"parent":0,"menu_order":0,"comment_status":"closed","ping_status":"closed","template":"","meta":{"footnotes":""},"class_list":["post-435","page","type-page","status-publish","hentry","excerpt","zoom","full-without-featured","even","excerpt-0"],"yoast_head":"<!-- This site is optimized with the Yoast SEO plugin v20.2.1 - https:\/\/yoast.com\/wordpress\/plugins\/seo\/ -->\n<title>GRIZZLY STARDUST - Brasserie La Danse de l&#039;Ours<\/title>\n<meta name=\"robots\" content=\"index, follow, max-snippet:-1, max-image-preview:large, max-video-preview:-1\" \/>\n<link rel=\"canonical\" href=\"https:\/\/ladansedelours.fr\/index.php\/grizzly-stardust\/\" \/>\n<meta property=\"og:locale\" content=\"fr_FR\" \/>\n<meta property=\"og:type\" content=\"article\" \/>\n<meta property=\"og:title\" content=\"GRIZZLY STARDUST - Brasserie La Danse de l&#039;Ours\" \/>\n<meta property=\"og:description\" content=\"Bi\u00e8re \u00ab\u00a0Saison IPA\u00a0\u00bb Couleur : Blonde \/ Amertume : prononc\u00e9e \/ Alcool : 6,1% La&#8230;\" \/>\n<meta property=\"og:url\" content=\"https:\/\/ladansedelours.fr\/index.php\/grizzly-stardust\/\" \/>\n<meta property=\"og:site_name\" content=\"Brasserie La Danse de l&#039;Ours\" \/>\n<meta property=\"article:publisher\" content=\"https:\/\/www.facebook.com\/brasserieladansedelours\" \/>\n<meta property=\"article:modified_time\" content=\"2025-10-24T09:28:21+00:00\" \/>\n<meta property=\"og:image\" content=\"http:\/\/ladansedelours.fr\/wp-content\/uploads\/2025\/10\/GRIZZLY-BIO-33-1024x883.jpg\" \/>\n<meta name=\"twitter:card\" content=\"summary_large_image\" \/>\n<meta name=\"twitter:label1\" content=\"Dur\u00e9e de lecture estim\u00e9e\" \/>\n\t<meta name=\"twitter:data1\" content=\"2 minutes\" \/>\n<script type=\"application\/ld+json\" class=\"yoast-schema-graph\">{\"@context\":\"https:\/\/schema.org\",\"@graph\":[{\"@type\":\"WebPage\",\"@id\":\"https:\/\/ladansedelours.fr\/index.php\/grizzly-stardust\/\",\"url\":\"https:\/\/ladansedelours.fr\/index.php\/grizzly-stardust\/\",\"name\":\"GRIZZLY STARDUST - Brasserie La Danse de l&#039;Ours\",\"isPartOf\":{\"@id\":\"https:\/\/ladansedelours.fr\/#website\"},\"datePublished\":\"2024-02-29T13:15:01+00:00\",\"dateModified\":\"2025-10-24T09:28:21+00:00\",\"breadcrumb\":{\"@id\":\"https:\/\/ladansedelours.fr\/index.php\/grizzly-stardust\/#breadcrumb\"},\"inLanguage\":\"fr-FR\",\"potentialAction\":[{\"@type\":\"ReadAction\",\"target\":[\"https:\/\/ladansedelours.fr\/index.php\/grizzly-stardust\/\"]}]},{\"@type\":\"BreadcrumbList\",\"@id\":\"https:\/\/ladansedelours.fr\/index.php\/grizzly-stardust\/#breadcrumb\",\"itemListElement\":[{\"@type\":\"ListItem\",\"position\":1,\"name\":\"Accueil\",\"item\":\"https:\/\/ladansedelours.fr\/\"},{\"@type\":\"ListItem\",\"position\":2,\"name\":\"GRIZZLY STARDUST\"}]},{\"@type\":\"WebSite\",\"@id\":\"https:\/\/ladansedelours.fr\/#website\",\"url\":\"https:\/\/ladansedelours.fr\/\",\"name\":\"Brasserie La Danse de l&#039;Ours\",\"description\":\"\",\"publisher\":{\"@id\":\"https:\/\/ladansedelours.fr\/#organization\"},\"potentialAction\":[{\"@type\":\"SearchAction\",\"target\":{\"@type\":\"EntryPoint\",\"urlTemplate\":\"https:\/\/ladansedelours.fr\/?s={search_term_string}\"},\"query-input\":\"required name=search_term_string\"}],\"inLanguage\":\"fr-FR\"},{\"@type\":\"Organization\",\"@id\":\"https:\/\/ladansedelours.fr\/#organization\",\"name\":\"Brasserie La Danse de l&#039;Ours\",\"url\":\"https:\/\/ladansedelours.fr\/\",\"logo\":{\"@type\":\"ImageObject\",\"inLanguage\":\"fr-FR\",\"@id\":\"https:\/\/ladansedelours.fr\/#\/schema\/logo\/image\/\",\"url\":\"http:\/\/ladansedelours.fr\/wp-content\/uploads\/2023\/03\/326418449_701706158298000_3284889841456524015_n-1.jpg\",\"contentUrl\":\"http:\/\/ladansedelours.fr\/wp-content\/uploads\/2023\/03\/326418449_701706158298000_3284889841456524015_n-1.jpg\",\"width\":851,\"height\":315,\"caption\":\"Brasserie La Danse de l&#039;Ours\"},\"image\":{\"@id\":\"https:\/\/ladansedelours.fr\/#\/schema\/logo\/image\/\"},\"sameAs\":[\"https:\/\/www.facebook.com\/brasserieladansedelours\",\"https:\/\/www.instagram.com\/ladanse_delours\/\"]}]}<\/script>\n<!-- \/ Yoast SEO plugin. -->","yoast_head_json":{"title":"GRIZZLY STARDUST - Brasserie La Danse de l&#039;Ours","robots":{"index":"index","follow":"follow","max-snippet":"max-snippet:-1","max-image-preview":"max-image-preview:large","max-video-preview":"max-video-preview:-1"},"canonical":"https:\/\/ladansedelours.fr\/index.php\/grizzly-stardust\/","og_locale":"fr_FR","og_type":"article","og_title":"GRIZZLY STARDUST - Brasserie La Danse de l&#039;Ours","og_description":"Bi\u00e8re \u00ab\u00a0Saison IPA\u00a0\u00bb Couleur : Blonde \/ Amertume : prononc\u00e9e \/ Alcool : 6,1% La&#8230;","og_url":"https:\/\/ladansedelours.fr\/index.php\/grizzly-stardust\/","og_site_name":"Brasserie La Danse de l&#039;Ours","article_publisher":"https:\/\/www.facebook.com\/brasserieladansedelours","article_modified_time":"2025-10-24T09:28:21+00:00","og_image":[{"url":"http:\/\/ladansedelours.fr\/wp-content\/uploads\/2025\/10\/GRIZZLY-BIO-33-1024x883.jpg"}],"twitter_card":"summary_large_image","twitter_misc":{"Dur\u00e9e de lecture estim\u00e9e":"2 minutes"},"schema":{"@context":"https:\/\/schema.org","@graph":[{"@type":"WebPage","@id":"https:\/\/ladansedelours.fr\/index.php\/grizzly-stardust\/","url":"https:\/\/ladansedelours.fr\/index.php\/grizzly-stardust\/","name":"GRIZZLY STARDUST - Brasserie La Danse de l&#039;Ours","isPartOf":{"@id":"https:\/\/ladansedelours.fr\/#website"},"datePublished":"2024-02-29T13:15:01+00:00","dateModified":"2025-10-24T09:28:21+00:00","breadcrumb":{"@id":"https:\/\/ladansedelours.fr\/index.php\/grizzly-stardust\/#breadcrumb"},"inLanguage":"fr-FR","potentialAction":[{"@type":"ReadAction","target":["https:\/\/ladansedelours.fr\/index.php\/grizzly-stardust\/"]}]},{"@type":"BreadcrumbList","@id":"https:\/\/ladansedelours.fr\/index.php\/grizzly-stardust\/#breadcrumb","itemListElement":[{"@type":"ListItem","position":1,"name":"Accueil","item":"https:\/\/ladansedelours.fr\/"},{"@type":"ListItem","position":2,"name":"GRIZZLY STARDUST"}]},{"@type":"WebSite","@id":"https:\/\/ladansedelours.fr\/#website","url":"https:\/\/ladansedelours.fr\/","name":"Brasserie La Danse de l&#039;Ours","description":"","publisher":{"@id":"https:\/\/ladansedelours.fr\/#organization"},"potentialAction":[{"@type":"SearchAction","target":{"@type":"EntryPoint","urlTemplate":"https:\/\/ladansedelours.fr\/?s={search_term_string}"},"query-input":"required name=search_term_string"}],"inLanguage":"fr-FR"},{"@type":"Organization","@id":"https:\/\/ladansedelours.fr\/#organization","name":"Brasserie La Danse de l&#039;Ours","url":"https:\/\/ladansedelours.fr\/","logo":{"@type":"ImageObject","inLanguage":"fr-FR","@id":"https:\/\/ladansedelours.fr\/#\/schema\/logo\/image\/","url":"http:\/\/ladansedelours.fr\/wp-content\/uploads\/2023\/03\/326418449_701706158298000_3284889841456524015_n-1.jpg","contentUrl":"http:\/\/ladansedelours.fr\/wp-content\/uploads\/2023\/03\/326418449_701706158298000_3284889841456524015_n-1.jpg","width":851,"height":315,"caption":"Brasserie La Danse de l&#039;Ours"},"image":{"@id":"https:\/\/ladansedelours.fr\/#\/schema\/logo\/image\/"},"sameAs":["https:\/\/www.facebook.com\/brasserieladansedelours","https:\/\/www.instagram.com\/ladanse_delours\/"]}]}},"_links":{"self":[{"href":"https:\/\/ladansedelours.fr\/index.php\/wp-json\/wp\/v2\/pages\/435","targetHints":{"allow":["GET"]}}],"collection":[{"href":"https:\/\/ladansedelours.fr\/index.php\/wp-json\/wp\/v2\/pages"}],"about":[{"href":"https:\/\/ladansedelours.fr\/index.php\/wp-json\/wp\/v2\/types\/page"}],"author":[{"embeddable":true,"href":"https:\/\/ladansedelours.fr\/index.php\/wp-json\/wp\/v2\/users\/1"}],"replies":[{"embeddable":true,"href":"https:\/\/ladansedelours.fr\/index.php\/wp-json\/wp\/v2\/comments?post=435"}],"version-history":[{"count":29,"href":"https:\/\/ladansedelours.fr\/index.php\/wp-json\/wp\/v2\/pages\/435\/revisions"}],"predecessor-version":[{"id":1054,"href":"https:\/\/ladansedelours.fr\/index.php\/wp-json\/wp\/v2\/pages\/435\/revisions\/1054"}],"wp:attachment":[{"href":"https:\/\/ladansedelours.fr\/index.php\/wp-json\/wp\/v2\/media?parent=435"}],"curies":[{"name":"wp","href":"https:\/\/api.w.org\/{rel}","templated":true}]}}