{"id":283,"date":"2023-07-13T14:18:00","date_gmt":"2023-07-13T12:18:00","guid":{"rendered":"http:\/\/ladansedelours.fr\/?page_id=283"},"modified":"2025-10-24T10:41:16","modified_gmt":"2025-10-24T08:41:16","slug":"polar","status":"publish","type":"page","link":"https:\/\/ladansedelours.fr\/index.php\/polar\/","title":{"rendered":"Polar"},"content":{"rendered":"\t\t<div data-elementor-type=\"wp-page\" data-elementor-id=\"283\" class=\"elementor elementor-283\">\n\t\t\t\t\t\t\t\t\t<section class=\"elementor-section elementor-top-section elementor-element elementor-element-015ffbf elementor-section-boxed elementor-section-height-default elementor-section-height-default\" data-id=\"015ffbf\" data-element_type=\"section\">\n\t\t\t\t\t\t<div class=\"elementor-container elementor-column-gap-default\">\n\t\t\t\t\t<div class=\"elementor-column elementor-col-100 elementor-top-column elementor-element elementor-element-2e83f1d\" data-id=\"2e83f1d\" data-element_type=\"column\">\n\t\t\t<div class=\"elementor-widget-wrap elementor-element-populated\">\n\t\t\t\t\t\t\t\t<div class=\"elementor-element elementor-element-780c494 elementor-widget elementor-widget-heading\" data-id=\"780c494\" data-element_type=\"widget\" data-widget_type=\"heading.default\">\n\t\t\t\t<div class=\"elementor-widget-container\">\n\t\t\t<style>\/*! elementor - v3.11.3 - 07-03-2023 *\/\n.elementor-heading-title{padding:0;margin:0;line-height:1}.elementor-widget-heading .elementor-heading-title[class*=elementor-size-]>a{color:inherit;font-size:inherit;line-height:inherit}.elementor-widget-heading .elementor-heading-title.elementor-size-small{font-size:15px}.elementor-widget-heading .elementor-heading-title.elementor-size-medium{font-size:19px}.elementor-widget-heading .elementor-heading-title.elementor-size-large{font-size:29px}.elementor-widget-heading .elementor-heading-title.elementor-size-xl{font-size:39px}.elementor-widget-heading .elementor-heading-title.elementor-size-xxl{font-size:59px}<\/style><h2 class=\"elementor-heading-title elementor-size-default\">Bi\u00e8re blanche style \"Hefeweizen\"<\/h2>\t\t<\/div>\n\t\t\t\t<\/div>\n\t\t\t\t\t<\/div>\n\t\t<\/div>\n\t\t\t\t\t\t\t<\/div>\n\t\t<\/section>\n\t\t\t\t<section class=\"elementor-section elementor-top-section elementor-element elementor-element-8f20111 elementor-section-boxed elementor-section-height-default elementor-section-height-default\" data-id=\"8f20111\" data-element_type=\"section\">\n\t\t\t\t\t\t<div class=\"elementor-container elementor-column-gap-default\">\n\t\t\t\t\t<div class=\"elementor-column elementor-col-100 elementor-top-column elementor-element elementor-element-ac46b0e\" data-id=\"ac46b0e\" data-element_type=\"column\">\n\t\t\t<div class=\"elementor-widget-wrap elementor-element-populated\">\n\t\t\t\t\t\t\t\t<div class=\"elementor-element elementor-element-8476c67 elementor-widget elementor-widget-image\" data-id=\"8476c67\" data-element_type=\"widget\" data-widget_type=\"image.default\">\n\t\t\t\t<div class=\"elementor-widget-container\">\n\t\t\t<style>\/*! elementor - v3.11.3 - 07-03-2023 *\/\n.elementor-widget-image{text-align:center}.elementor-widget-image a{display:inline-block}.elementor-widget-image a img[src$=\".svg\"]{width:48px}.elementor-widget-image img{vertical-align:middle;display:inline-block}<\/style>\t\t\t\t\t\t\t\t\t\t\t\t<img loading=\"lazy\" decoding=\"async\" width=\"1024\" height=\"883\" src=\"https:\/\/ladansedelours.fr\/wp-content\/uploads\/2025\/10\/POLAR-33-BIO-1024x883.jpg\" class=\"attachment-large size-large wp-image-1022\" alt=\"\" srcset=\"https:\/\/ladansedelours.fr\/wp-content\/uploads\/2025\/10\/POLAR-33-BIO-1024x883.jpg 1024w, https:\/\/ladansedelours.fr\/wp-content\/uploads\/2025\/10\/POLAR-33-BIO-300x259.jpg 300w, https:\/\/ladansedelours.fr\/wp-content\/uploads\/2025\/10\/POLAR-33-BIO-768x662.jpg 768w, https:\/\/ladansedelours.fr\/wp-content\/uploads\/2025\/10\/POLAR-33-BIO-600x517.jpg 600w, https:\/\/ladansedelours.fr\/wp-content\/uploads\/2025\/10\/POLAR-33-BIO.jpg 1506w\" sizes=\"auto, (max-width: 1024px) 100vw, 1024px\" \/>\t\t\t\t\t\t\t\t\t\t\t\t\t\t\t<\/div>\n\t\t\t\t<\/div>\n\t\t\t\t\t<\/div>\n\t\t<\/div>\n\t\t\t\t\t\t\t<\/div>\n\t\t<\/section>\n\t\t\t\t<section class=\"elementor-section elementor-top-section elementor-element elementor-element-0376201 elementor-section-boxed elementor-section-height-default elementor-section-height-default\" data-id=\"0376201\" data-element_type=\"section\">\n\t\t\t\t\t\t<div class=\"elementor-container elementor-column-gap-default\">\n\t\t\t\t\t<div class=\"elementor-column elementor-col-100 elementor-top-column elementor-element elementor-element-a69295c\" data-id=\"a69295c\" data-element_type=\"column\">\n\t\t\t<div class=\"elementor-widget-wrap elementor-element-populated\">\n\t\t\t\t\t\t\t\t<div class=\"elementor-element elementor-element-1929886 elementor-widget elementor-widget-heading\" data-id=\"1929886\" data-element_type=\"widget\" data-widget_type=\"heading.default\">\n\t\t\t\t<div class=\"elementor-widget-container\">\n\t\t\t<h2 class=\"elementor-heading-title elementor-size-default\">Couleur : blanche \/ Amertume : faible \/ Alcool : 5,4%<\/h2>\t\t<\/div>\n\t\t\t\t<\/div>\n\t\t\t\t\t<\/div>\n\t\t<\/div>\n\t\t\t\t\t\t\t<\/div>\n\t\t<\/section>\n\t\t\t\t<section class=\"elementor-section elementor-top-section elementor-element elementor-element-dc55fb6 elementor-section-boxed elementor-section-height-default elementor-section-height-default\" data-id=\"dc55fb6\" data-element_type=\"section\">\n\t\t\t\t\t\t<div class=\"elementor-container elementor-column-gap-default\">\n\t\t\t\t\t<div class=\"elementor-column elementor-col-100 elementor-top-column elementor-element elementor-element-a12ddac\" data-id=\"a12ddac\" data-element_type=\"column\">\n\t\t\t<div class=\"elementor-widget-wrap elementor-element-populated\">\n\t\t\t\t\t\t\t\t<div class=\"elementor-element elementor-element-d0e11c7 elementor-widget elementor-widget-text-editor\" data-id=\"d0e11c7\" data-element_type=\"widget\" data-widget_type=\"text-editor.default\">\n\t\t\t\t<div class=\"elementor-widget-container\">\n\t\t\t<style>\/*! elementor - v3.11.3 - 07-03-2023 *\/\n.elementor-widget-text-editor.elementor-drop-cap-view-stacked .elementor-drop-cap{background-color:#818a91;color:#fff}.elementor-widget-text-editor.elementor-drop-cap-view-framed .elementor-drop-cap{color:#818a91;border:3px solid;background-color:transparent}.elementor-widget-text-editor:not(.elementor-drop-cap-view-default) .elementor-drop-cap{margin-top:8px}.elementor-widget-text-editor:not(.elementor-drop-cap-view-default) .elementor-drop-cap-letter{width:1em;height:1em}.elementor-widget-text-editor .elementor-drop-cap{float:left;text-align:center;line-height:1;font-size:50px}.elementor-widget-text-editor .elementor-drop-cap-letter{display:inline-block}<\/style>\t\t\t\t<p>Les <em>Hefeweizen<\/em> sont des bi\u00e8res de fermentation haute typiques de Bavi\u00e8re, \u00e0 base de malts d&rsquo;orge et de bl\u00e9. Elles sont naturellement troubles, l\u00e9g\u00e8rement acidul\u00e9es gr\u00e2ce au malt de bl\u00e9 et de couleur blond dor\u00e9.\u00a0<br \/>La Polar d\u00e9roge (sinon c&rsquo;est pas dr\u00f4le) un peu \u00e0 la r\u00e8gle, par l&rsquo;utilisation de souche de levure de blanche belge, de vari\u00e9t\u00e9s de houblons un peu allemands quand m\u00eame (<i>Tradition et Perle <\/i>&#8211; le <i>Perle<\/i> est un croisement entre le Northern Brewer et un houblon allemand, vive le m\u00e9tissage!<em>)<\/em>.<br \/>C&rsquo;est en tout cas la meilleure alli\u00e9e pour se rafra\u00eechir durant l&rsquo;\u00e9t\u00e9&#8230; Mais aussi bonne \u00e0 boire toute l&rsquo;ann\u00e9e hein !<\/p><p><strong><em>Disponible en bouteille 33cl et 75cl<\/em><\/strong><\/p>\t\t\t\t\t\t<\/div>\n\t\t\t\t<\/div>\n\t\t\t\t\t<\/div>\n\t\t<\/div>\n\t\t\t\t\t\t\t<\/div>\n\t\t<\/section>\n\t\t\t\t<section class=\"elementor-section elementor-top-section elementor-element elementor-element-2564f76 elementor-section-boxed elementor-section-height-default elementor-section-height-default\" data-id=\"2564f76\" data-element_type=\"section\">\n\t\t\t\t\t\t<div class=\"elementor-container elementor-column-gap-default\">\n\t\t\t\t\t<div class=\"elementor-column elementor-col-50 elementor-top-column elementor-element elementor-element-5234864\" data-id=\"5234864\" data-element_type=\"column\">\n\t\t\t<div class=\"elementor-widget-wrap elementor-element-populated\">\n\t\t\t\t\t\t\t\t<div class=\"elementor-element elementor-element-ff9d431 elementor-widget elementor-widget-image\" data-id=\"ff9d431\" data-element_type=\"widget\" data-widget_type=\"image.default\">\n\t\t\t\t<div class=\"elementor-widget-container\">\n\t\t\t\t\t\t\t\t\t\t\t\t\t\t\t<img loading=\"lazy\" decoding=\"async\" width=\"664\" height=\"886\" src=\"https:\/\/ladansedelours.fr\/wp-content\/uploads\/2023\/07\/polar-boubou.jpg\" class=\"attachment-large size-large wp-image-299\" alt=\"\" srcset=\"https:\/\/ladansedelours.fr\/wp-content\/uploads\/2023\/07\/polar-boubou.jpg 664w, https:\/\/ladansedelours.fr\/wp-content\/uploads\/2023\/07\/polar-boubou-600x801.jpg 600w, https:\/\/ladansedelours.fr\/wp-content\/uploads\/2023\/07\/polar-boubou-225x300.jpg 225w\" sizes=\"auto, (max-width: 664px) 100vw, 664px\" \/>\t\t\t\t\t\t\t\t\t\t\t\t\t\t\t<\/div>\n\t\t\t\t<\/div>\n\t\t\t\t\t<\/div>\n\t\t<\/div>\n\t\t\t\t<div class=\"elementor-column elementor-col-50 elementor-top-column elementor-element elementor-element-c5858bf\" data-id=\"c5858bf\" data-element_type=\"column\">\n\t\t\t<div class=\"elementor-widget-wrap elementor-element-populated\">\n\t\t\t\t\t\t\t\t<div class=\"elementor-element elementor-element-007c5da elementor-widget elementor-widget-image\" data-id=\"007c5da\" data-element_type=\"widget\" data-widget_type=\"image.default\">\n\t\t\t\t<div class=\"elementor-widget-container\">\n\t\t\t\t\t\t\t\t\t\t\t\t\t\t\t<img loading=\"lazy\" decoding=\"async\" width=\"664\" height=\"886\" src=\"https:\/\/ladansedelours.fr\/wp-content\/uploads\/2023\/07\/polar-verre.jpg\" class=\"attachment-large size-large wp-image-300\" alt=\"\" srcset=\"https:\/\/ladansedelours.fr\/wp-content\/uploads\/2023\/07\/polar-verre.jpg 664w, https:\/\/ladansedelours.fr\/wp-content\/uploads\/2023\/07\/polar-verre-600x801.jpg 600w, https:\/\/ladansedelours.fr\/wp-content\/uploads\/2023\/07\/polar-verre-225x300.jpg 225w\" sizes=\"auto, (max-width: 664px) 100vw, 664px\" \/>\t\t\t\t\t\t\t\t\t\t\t\t\t\t\t<\/div>\n\t\t\t\t<\/div>\n\t\t\t\t\t<\/div>\n\t\t<\/div>\n\t\t\t\t\t\t\t<\/div>\n\t\t<\/section>\n\t\t\t\t<section class=\"elementor-section elementor-top-section elementor-element elementor-element-42ed422 elementor-section-boxed elementor-section-height-default elementor-section-height-default\" data-id=\"42ed422\" data-element_type=\"section\">\n\t\t\t\t\t\t<div class=\"elementor-container elementor-column-gap-default\">\n\t\t\t\t\t<div class=\"elementor-column elementor-col-100 elementor-top-column elementor-element elementor-element-f2ac42c\" data-id=\"f2ac42c\" data-element_type=\"column\">\n\t\t\t<div class=\"elementor-widget-wrap elementor-element-populated\">\n\t\t\t\t\t\t\t\t<div class=\"elementor-element elementor-element-8a8fad5 elementor-widget elementor-widget-text-editor\" data-id=\"8a8fad5\" data-element_type=\"widget\" data-widget_type=\"text-editor.default\">\n\t\t\t\t<div class=\"elementor-widget-container\">\n\t\t\t\t\t\t\t<p>Hefe<em> signifie levure en allemand et <\/em>weizen<em> signifie bl\u00e9. C&rsquo;est de l\u00e0 que vient l&rsquo;appellation bi\u00e8re blanche, d&rsquo;une confusion entre <\/em>weizen<em> et <\/em>weiss<em> (blanc en allemand). Une bi\u00e8re est dite blanche \u00e0 partir du moment o\u00f9 elle contient au minimum 30% de bl\u00e9 et peu importe la couleur de sa robe! <br><\/em><strong><br>Conseil de d\u00e9gustation :&nbsp;<\/strong>contrairement aux autres bi\u00e8res, il faut que la lie de levures soit remise en suspension dans le verre pour pleinement profiter de tous ses ar\u00f4mes. Servez votre verre en plusieurs fois, en remettant la bouteille debout, afin que les levures voyagent dans le liquide et se retrouvent dans vos verres!<\/p>\t\t\t\t\t\t<\/div>\n\t\t\t\t<\/div>\n\t\t\t\t\t<\/div>\n\t\t<\/div>\n\t\t\t\t\t\t\t<\/div>\n\t\t<\/section>\n\t\t\t\t<section class=\"elementor-section elementor-top-section elementor-element elementor-element-d2f2670 elementor-section-boxed elementor-section-height-default elementor-section-height-default\" data-id=\"d2f2670\" data-element_type=\"section\">\n\t\t\t\t\t\t<div class=\"elementor-container elementor-column-gap-default\">\n\t\t\t\t\t<div class=\"elementor-column elementor-col-66 elementor-top-column elementor-element elementor-element-ab6d14d\" data-id=\"ab6d14d\" data-element_type=\"column\">\n\t\t\t<div class=\"elementor-widget-wrap elementor-element-populated\">\n\t\t\t\t\t\t\t\t<div class=\"elementor-element elementor-element-0191c59 elementor-widget elementor-widget-text-editor\" data-id=\"0191c59\" data-element_type=\"widget\" data-widget_type=\"text-editor.default\">\n\t\t\t\t<div class=\"elementor-widget-container\">\n\t\t\t\t\t\t\t<pre><em><strong>Origine des ingr\u00e9dients :<\/strong><br \/><\/em><em>Malts d'orge* et de bl\u00e9* <\/em><em><em>(91%)<\/em>: Morbihan   <br \/>(<a href=\"https:\/\/www.yechedmalt.bzh\/\">Yec'Hed Malt<\/a>) \/ Flocons d'avoine* <\/em><em><em><em><em>(5%)<\/em><\/em><\/em> : <\/em><em><em><em><br \/>Charente Maritime\u00a0 <\/em><\/em>\/ Malt sp\u00e9cial* <\/em><em><em>(4%) <\/em>:\u00a0 <br \/>Belgique (Malterie du Ch\u00e2teau) <em>\/  H<\/em>oublons* : <br \/>Vend\u00e9e (<a href=\"https:\/\/www.facebook.com\/profile.php?id=100078135513607\">Le Houblon du Grand charlot<\/a> &amp; <a href=\"https:\/\/poppins-hops.fr\/\"><br \/>Poppin'Hops<\/a>) \/ Sucre de betterave* : France<\/em><\/pre>\t\t\t\t\t\t<\/div>\n\t\t\t\t<\/div>\n\t\t\t\t\t<\/div>\n\t\t<\/div>\n\t\t\t\t<div class=\"elementor-column elementor-col-33 elementor-top-column elementor-element elementor-element-38032af\" data-id=\"38032af\" data-element_type=\"column\">\n\t\t\t<div class=\"elementor-widget-wrap elementor-element-populated\">\n\t\t\t\t\t\t\t\t<div class=\"elementor-element elementor-element-ee32b6d elementor-widget elementor-widget-image\" data-id=\"ee32b6d\" data-element_type=\"widget\" data-widget_type=\"image.default\">\n\t\t\t\t<div class=\"elementor-widget-container\">\n\t\t\t\t\t\t\t\t\t\t\t\t\t\t\t<img loading=\"lazy\" decoding=\"async\" width=\"413\" height=\"260\" src=\"https:\/\/ladansedelours.fr\/wp-content\/uploads\/2024\/10\/PROJET-ETIQUETTE-BIO-sans-calques.png\" class=\"attachment-large size-large wp-image-772\" alt=\"\" srcset=\"https:\/\/ladansedelours.fr\/wp-content\/uploads\/2024\/10\/PROJET-ETIQUETTE-BIO-sans-calques.png 413w, https:\/\/ladansedelours.fr\/wp-content\/uploads\/2024\/10\/PROJET-ETIQUETTE-BIO-sans-calques-300x189.png 300w\" sizes=\"auto, (max-width: 413px) 100vw, 413px\" \/>\t\t\t\t\t\t\t\t\t\t\t\t\t\t\t<\/div>\n\t\t\t\t<\/div>\n\t\t\t\t\t<\/div>\n\t\t<\/div>\n\t\t\t\t\t\t\t<\/div>\n\t\t<\/section>\n\t\t\t\t<section class=\"elementor-section elementor-top-section elementor-element elementor-element-1b31403 elementor-section-boxed elementor-section-height-default elementor-section-height-default\" data-id=\"1b31403\" data-element_type=\"section\">\n\t\t\t\t\t\t<div class=\"elementor-container elementor-column-gap-default\">\n\t\t\t\t\t<div class=\"elementor-column elementor-col-100 elementor-top-column elementor-element elementor-element-0e3870f\" data-id=\"0e3870f\" data-element_type=\"column\">\n\t\t\t<div class=\"elementor-widget-wrap elementor-element-populated\">\n\t\t\t\t\t\t\t\t<div class=\"elementor-element elementor-element-d2870fb elementor-widget elementor-widget-text-editor\" data-id=\"d2870fb\" data-element_type=\"widget\" data-widget_type=\"text-editor.default\">\n\t\t\t\t<div class=\"elementor-widget-container\">\n\t\t\t\t\t\t\t<pre><em>*Ingr\u00e9dients issus de l'agriculture biologique<\/em><\/pre>\t\t\t\t\t\t<\/div>\n\t\t\t\t<\/div>\n\t\t\t\t\t<\/div>\n\t\t<\/div>\n\t\t\t\t\t\t\t<\/div>\n\t\t<\/section>\n\t\t\t\t<section class=\"elementor-section elementor-top-section elementor-element elementor-element-69b629f elementor-section-boxed elementor-section-height-default elementor-section-height-default\" data-id=\"69b629f\" data-element_type=\"section\">\n\t\t\t\t\t\t<div class=\"elementor-container elementor-column-gap-default\">\n\t\t\t\t\t<div class=\"elementor-column elementor-col-100 elementor-top-column elementor-element elementor-element-f6c2124\" data-id=\"f6c2124\" data-element_type=\"column\">\n\t\t\t<div class=\"elementor-widget-wrap elementor-element-populated\">\n\t\t\t\t\t\t\t\t<div class=\"elementor-element elementor-element-5434d4f elementor-widget elementor-widget-video\" data-id=\"5434d4f\" data-element_type=\"widget\" data-settings=\"{&quot;youtube_url&quot;:&quot;https:\\\/\\\/youtu.be\\\/ru5afNNSPeU?si=NxxTI22LEdu1eJw7&quot;,&quot;video_type&quot;:&quot;youtube&quot;,&quot;controls&quot;:&quot;yes&quot;}\" data-widget_type=\"video.default\">\n\t\t\t\t<div class=\"elementor-widget-container\">\n\t\t\t<style>\/*! elementor - v3.11.3 - 07-03-2023 *\/\n.elementor-widget-video .elementor-widget-container{overflow:hidden;transform:translateZ(0)}.elementor-widget-video .elementor-wrapper iframe,.elementor-widget-video .elementor-wrapper video{height:100%;width:100%;border:none;background-color:#000}.elementor-widget-video .elementor-open-inline .elementor-custom-embed-image-overlay{position:absolute;top:0;left:0;width:100%;height:100%;background-size:cover;background-position:50%}.elementor-widget-video .elementor-custom-embed-image-overlay{cursor:pointer;text-align:center}.elementor-widget-video .elementor-custom-embed-image-overlay:hover .elementor-custom-embed-play i{opacity:1}.elementor-widget-video .elementor-custom-embed-image-overlay img{display:block;width:100%}.elementor-widget-video .e-hosted-video .elementor-video{-o-object-fit:cover;object-fit:cover}.e-con-inner>.elementor-widget-video,.e-con>.elementor-widget-video{width:var(--container-widget-width);--flex-grow:var(--container-widget-flex-grow)}<\/style>\t\t<div class=\"elementor-wrapper elementor-open-inline\">\n\t\t\t<div class=\"elementor-video\"><\/div>\t\t<\/div>\n\t\t\t\t<\/div>\n\t\t\t\t<\/div>\n\t\t\t\t\t<\/div>\n\t\t<\/div>\n\t\t\t\t\t\t\t<\/div>\n\t\t<\/section>\n\t\t\t\t\t\t\t<\/div>\n\t\t","protected":false},"excerpt":{"rendered":"<p>Bi\u00e8re blanche style \u00ab\u00a0Hefeweizen\u00a0\u00bb Couleur : blanche \/ Amertume : faible \/ Alcool : 5,4%&#8230;<\/p>\n<div class=\"more-link-wrapper\"><a class=\"more-link\" href=\"https:\/\/ladansedelours.fr\/index.php\/polar\/\">Read the post<span class=\"screen-reader-text\">Polar<\/span><\/a><\/div>\n","protected":false},"author":1,"featured_media":0,"parent":0,"menu_order":0,"comment_status":"closed","ping_status":"closed","template":"","meta":{"footnotes":""},"class_list":["post-283","page","type-page","status-publish","hentry","excerpt","zoom","full-without-featured","even","excerpt-0"],"yoast_head":"<!-- This site is optimized with the Yoast SEO plugin v20.2.1 - https:\/\/yoast.com\/wordpress\/plugins\/seo\/ -->\n<title>Polar - Brasserie La Danse de l&#039;Ours<\/title>\n<meta name=\"robots\" content=\"index, follow, max-snippet:-1, max-image-preview:large, max-video-preview:-1\" \/>\n<link rel=\"canonical\" href=\"https:\/\/ladansedelours.fr\/index.php\/polar\/\" \/>\n<meta property=\"og:locale\" content=\"fr_FR\" \/>\n<meta property=\"og:type\" content=\"article\" \/>\n<meta property=\"og:title\" content=\"Polar - Brasserie La Danse de l&#039;Ours\" \/>\n<meta property=\"og:description\" content=\"Bi\u00e8re blanche style \u00ab\u00a0Hefeweizen\u00a0\u00bb Couleur : blanche \/ Amertume : faible \/ Alcool : 5,4%&#8230;\" \/>\n<meta property=\"og:url\" content=\"https:\/\/ladansedelours.fr\/index.php\/polar\/\" \/>\n<meta property=\"og:site_name\" content=\"Brasserie La Danse de l&#039;Ours\" \/>\n<meta property=\"article:publisher\" content=\"https:\/\/www.facebook.com\/brasserieladansedelours\" \/>\n<meta property=\"article:modified_time\" content=\"2025-10-24T08:41:16+00:00\" \/>\n<meta property=\"og:image\" content=\"http:\/\/ladansedelours.fr\/wp-content\/uploads\/2025\/10\/POLAR-33-BIO-1024x883.jpg\" \/>\n<meta name=\"twitter:card\" content=\"summary_large_image\" \/>\n<meta name=\"twitter:label1\" content=\"Dur\u00e9e de lecture estim\u00e9e\" \/>\n\t<meta name=\"twitter:data1\" content=\"3 minutes\" \/>\n<script type=\"application\/ld+json\" class=\"yoast-schema-graph\">{\"@context\":\"https:\/\/schema.org\",\"@graph\":[{\"@type\":\"WebPage\",\"@id\":\"https:\/\/ladansedelours.fr\/index.php\/polar\/\",\"url\":\"https:\/\/ladansedelours.fr\/index.php\/polar\/\",\"name\":\"Polar - Brasserie La Danse de l&#039;Ours\",\"isPartOf\":{\"@id\":\"https:\/\/ladansedelours.fr\/#website\"},\"datePublished\":\"2023-07-13T12:18:00+00:00\",\"dateModified\":\"2025-10-24T08:41:16+00:00\",\"breadcrumb\":{\"@id\":\"https:\/\/ladansedelours.fr\/index.php\/polar\/#breadcrumb\"},\"inLanguage\":\"fr-FR\",\"potentialAction\":[{\"@type\":\"ReadAction\",\"target\":[\"https:\/\/ladansedelours.fr\/index.php\/polar\/\"]}]},{\"@type\":\"BreadcrumbList\",\"@id\":\"https:\/\/ladansedelours.fr\/index.php\/polar\/#breadcrumb\",\"itemListElement\":[{\"@type\":\"ListItem\",\"position\":1,\"name\":\"Accueil\",\"item\":\"https:\/\/ladansedelours.fr\/\"},{\"@type\":\"ListItem\",\"position\":2,\"name\":\"Polar\"}]},{\"@type\":\"WebSite\",\"@id\":\"https:\/\/ladansedelours.fr\/#website\",\"url\":\"https:\/\/ladansedelours.fr\/\",\"name\":\"Brasserie La Danse de l&#039;Ours\",\"description\":\"\",\"publisher\":{\"@id\":\"https:\/\/ladansedelours.fr\/#organization\"},\"potentialAction\":[{\"@type\":\"SearchAction\",\"target\":{\"@type\":\"EntryPoint\",\"urlTemplate\":\"https:\/\/ladansedelours.fr\/?s={search_term_string}\"},\"query-input\":\"required name=search_term_string\"}],\"inLanguage\":\"fr-FR\"},{\"@type\":\"Organization\",\"@id\":\"https:\/\/ladansedelours.fr\/#organization\",\"name\":\"Brasserie La Danse de l&#039;Ours\",\"url\":\"https:\/\/ladansedelours.fr\/\",\"logo\":{\"@type\":\"ImageObject\",\"inLanguage\":\"fr-FR\",\"@id\":\"https:\/\/ladansedelours.fr\/#\/schema\/logo\/image\/\",\"url\":\"http:\/\/ladansedelours.fr\/wp-content\/uploads\/2023\/03\/326418449_701706158298000_3284889841456524015_n-1.jpg\",\"contentUrl\":\"http:\/\/ladansedelours.fr\/wp-content\/uploads\/2023\/03\/326418449_701706158298000_3284889841456524015_n-1.jpg\",\"width\":851,\"height\":315,\"caption\":\"Brasserie La Danse de l&#039;Ours\"},\"image\":{\"@id\":\"https:\/\/ladansedelours.fr\/#\/schema\/logo\/image\/\"},\"sameAs\":[\"https:\/\/www.facebook.com\/brasserieladansedelours\",\"https:\/\/www.instagram.com\/ladanse_delours\/\"]}]}<\/script>\n<!-- \/ Yoast SEO plugin. -->","yoast_head_json":{"title":"Polar - Brasserie La Danse de l&#039;Ours","robots":{"index":"index","follow":"follow","max-snippet":"max-snippet:-1","max-image-preview":"max-image-preview:large","max-video-preview":"max-video-preview:-1"},"canonical":"https:\/\/ladansedelours.fr\/index.php\/polar\/","og_locale":"fr_FR","og_type":"article","og_title":"Polar - Brasserie La Danse de l&#039;Ours","og_description":"Bi\u00e8re blanche style \u00ab\u00a0Hefeweizen\u00a0\u00bb Couleur : blanche \/ Amertume : faible \/ Alcool : 5,4%&#8230;","og_url":"https:\/\/ladansedelours.fr\/index.php\/polar\/","og_site_name":"Brasserie La Danse de l&#039;Ours","article_publisher":"https:\/\/www.facebook.com\/brasserieladansedelours","article_modified_time":"2025-10-24T08:41:16+00:00","og_image":[{"url":"http:\/\/ladansedelours.fr\/wp-content\/uploads\/2025\/10\/POLAR-33-BIO-1024x883.jpg"}],"twitter_card":"summary_large_image","twitter_misc":{"Dur\u00e9e de lecture estim\u00e9e":"3 minutes"},"schema":{"@context":"https:\/\/schema.org","@graph":[{"@type":"WebPage","@id":"https:\/\/ladansedelours.fr\/index.php\/polar\/","url":"https:\/\/ladansedelours.fr\/index.php\/polar\/","name":"Polar - Brasserie La Danse de l&#039;Ours","isPartOf":{"@id":"https:\/\/ladansedelours.fr\/#website"},"datePublished":"2023-07-13T12:18:00+00:00","dateModified":"2025-10-24T08:41:16+00:00","breadcrumb":{"@id":"https:\/\/ladansedelours.fr\/index.php\/polar\/#breadcrumb"},"inLanguage":"fr-FR","potentialAction":[{"@type":"ReadAction","target":["https:\/\/ladansedelours.fr\/index.php\/polar\/"]}]},{"@type":"BreadcrumbList","@id":"https:\/\/ladansedelours.fr\/index.php\/polar\/#breadcrumb","itemListElement":[{"@type":"ListItem","position":1,"name":"Accueil","item":"https:\/\/ladansedelours.fr\/"},{"@type":"ListItem","position":2,"name":"Polar"}]},{"@type":"WebSite","@id":"https:\/\/ladansedelours.fr\/#website","url":"https:\/\/ladansedelours.fr\/","name":"Brasserie La Danse de l&#039;Ours","description":"","publisher":{"@id":"https:\/\/ladansedelours.fr\/#organization"},"potentialAction":[{"@type":"SearchAction","target":{"@type":"EntryPoint","urlTemplate":"https:\/\/ladansedelours.fr\/?s={search_term_string}"},"query-input":"required name=search_term_string"}],"inLanguage":"fr-FR"},{"@type":"Organization","@id":"https:\/\/ladansedelours.fr\/#organization","name":"Brasserie La Danse de l&#039;Ours","url":"https:\/\/ladansedelours.fr\/","logo":{"@type":"ImageObject","inLanguage":"fr-FR","@id":"https:\/\/ladansedelours.fr\/#\/schema\/logo\/image\/","url":"http:\/\/ladansedelours.fr\/wp-content\/uploads\/2023\/03\/326418449_701706158298000_3284889841456524015_n-1.jpg","contentUrl":"http:\/\/ladansedelours.fr\/wp-content\/uploads\/2023\/03\/326418449_701706158298000_3284889841456524015_n-1.jpg","width":851,"height":315,"caption":"Brasserie La Danse de l&#039;Ours"},"image":{"@id":"https:\/\/ladansedelours.fr\/#\/schema\/logo\/image\/"},"sameAs":["https:\/\/www.facebook.com\/brasserieladansedelours","https:\/\/www.instagram.com\/ladanse_delours\/"]}]}},"_links":{"self":[{"href":"https:\/\/ladansedelours.fr\/index.php\/wp-json\/wp\/v2\/pages\/283","targetHints":{"allow":["GET"]}}],"collection":[{"href":"https:\/\/ladansedelours.fr\/index.php\/wp-json\/wp\/v2\/pages"}],"about":[{"href":"https:\/\/ladansedelours.fr\/index.php\/wp-json\/wp\/v2\/types\/page"}],"author":[{"embeddable":true,"href":"https:\/\/ladansedelours.fr\/index.php\/wp-json\/wp\/v2\/users\/1"}],"replies":[{"embeddable":true,"href":"https:\/\/ladansedelours.fr\/index.php\/wp-json\/wp\/v2\/comments?post=283"}],"version-history":[{"count":50,"href":"https:\/\/ladansedelours.fr\/index.php\/wp-json\/wp\/v2\/pages\/283\/revisions"}],"predecessor-version":[{"id":1036,"href":"https:\/\/ladansedelours.fr\/index.php\/wp-json\/wp\/v2\/pages\/283\/revisions\/1036"}],"wp:attachment":[{"href":"https:\/\/ladansedelours.fr\/index.php\/wp-json\/wp\/v2\/media?parent=283"}],"curies":[{"name":"wp","href":"https:\/\/api.w.org\/{rel}","templated":true}]}}