{"id":2,"date":"2023-03-10T17:38:41","date_gmt":"2023-03-10T16:38:41","guid":{"rendered":"http:\/\/ladansedelours.fr\/?page_id=2"},"modified":"2025-10-24T11:41:01","modified_gmt":"2025-10-24T09:41:01","slug":"brasserie-la-danse-de-lours-accueil","status":"publish","type":"page","link":"https:\/\/ladansedelours.fr\/","title":{"rendered":""},"content":{"rendered":"\t\t<div data-elementor-type=\"wp-page\" data-elementor-id=\"2\" class=\"elementor elementor-2\">\n\t\t\t\t\t\t\t\t\t<section class=\"elementor-section elementor-top-section elementor-element elementor-element-f56cce1 elementor-section-boxed elementor-section-height-default elementor-section-height-default\" data-id=\"f56cce1\" data-element_type=\"section\">\n\t\t\t\t\t\t<div class=\"elementor-container elementor-column-gap-default\">\n\t\t\t\t\t<div class=\"elementor-column elementor-col-100 elementor-top-column elementor-element elementor-element-ae2a53d\" data-id=\"ae2a53d\" data-element_type=\"column\">\n\t\t\t<div class=\"elementor-widget-wrap elementor-element-populated\">\n\t\t\t\t\t\t\t\t<div class=\"elementor-element elementor-element-267ea1af elementor-widget elementor-widget-text-editor\" data-id=\"267ea1af\" data-element_type=\"widget\" data-widget_type=\"text-editor.default\">\n\t\t\t\t<div class=\"elementor-widget-container\">\n\t\t\t<style>\/*! elementor - v3.11.3 - 07-03-2023 *\/\n.elementor-widget-text-editor.elementor-drop-cap-view-stacked .elementor-drop-cap{background-color:#818a91;color:#fff}.elementor-widget-text-editor.elementor-drop-cap-view-framed .elementor-drop-cap{color:#818a91;border:3px solid;background-color:transparent}.elementor-widget-text-editor:not(.elementor-drop-cap-view-default) .elementor-drop-cap{margin-top:8px}.elementor-widget-text-editor:not(.elementor-drop-cap-view-default) .elementor-drop-cap-letter{width:1em;height:1em}.elementor-widget-text-editor .elementor-drop-cap{float:left;text-align:center;line-height:1;font-size:50px}.elementor-widget-text-editor .elementor-drop-cap-letter{display:inline-block}<\/style>\t\t\t\t<!-- wp:image {\"id\":13,\"sizeSlug\":\"full\",\"linkDestination\":\"custom\"} -->\n<figure class=\"wp-block-image size-full\"><a href=\"ben@ladansedelours.fr\"><img loading=\"lazy\" decoding=\"async\" width=\"851\" height=\"315\" class=\"wp-image-13\" src=\"http:\/\/ladansedelours.fr\/wp-content\/uploads\/2023\/03\/326418449_701706158298000_3284889841456524015_n-1.jpg\" alt=\"\" srcset=\"https:\/\/ladansedelours.fr\/wp-content\/uploads\/2023\/03\/326418449_701706158298000_3284889841456524015_n-1.jpg 851w, https:\/\/ladansedelours.fr\/wp-content\/uploads\/2023\/03\/326418449_701706158298000_3284889841456524015_n-1-600x222.jpg 600w, https:\/\/ladansedelours.fr\/wp-content\/uploads\/2023\/03\/326418449_701706158298000_3284889841456524015_n-1-300x111.jpg 300w, https:\/\/ladansedelours.fr\/wp-content\/uploads\/2023\/03\/326418449_701706158298000_3284889841456524015_n-1-768x284.jpg 768w\" sizes=\"auto, (max-width: 851px) 100vw, 851px\" \/><\/a><\/figure>\n<!-- \/wp:image -->\t\t\t\t\t\t<\/div>\n\t\t\t\t<\/div>\n\t\t\t\t\t<\/div>\n\t\t<\/div>\n\t\t\t\t\t\t\t<\/div>\n\t\t<\/section>\n\t\t\t\t<section class=\"elementor-section elementor-top-section elementor-element elementor-element-b0b5ece elementor-section-boxed elementor-section-height-default elementor-section-height-default\" data-id=\"b0b5ece\" data-element_type=\"section\">\n\t\t\t\t\t\t<div class=\"elementor-container elementor-column-gap-default\">\n\t\t\t\t\t<div class=\"elementor-column elementor-col-100 elementor-top-column elementor-element elementor-element-5bf3107\" data-id=\"5bf3107\" data-element_type=\"column\">\n\t\t\t<div class=\"elementor-widget-wrap elementor-element-populated\">\n\t\t\t\t\t\t\t\t<div class=\"elementor-element elementor-element-69000b7 elementor-widget elementor-widget-heading\" data-id=\"69000b7\" data-element_type=\"widget\" data-widget_type=\"heading.default\">\n\t\t\t\t<div class=\"elementor-widget-container\">\n\t\t\t<style>\/*! elementor - v3.11.3 - 07-03-2023 *\/\n.elementor-heading-title{padding:0;margin:0;line-height:1}.elementor-widget-heading .elementor-heading-title[class*=elementor-size-]>a{color:inherit;font-size:inherit;line-height:inherit}.elementor-widget-heading .elementor-heading-title.elementor-size-small{font-size:15px}.elementor-widget-heading .elementor-heading-title.elementor-size-medium{font-size:19px}.elementor-widget-heading .elementor-heading-title.elementor-size-large{font-size:29px}.elementor-widget-heading .elementor-heading-title.elementor-size-xl{font-size:39px}.elementor-widget-heading .elementor-heading-title.elementor-size-xxl{font-size:59px}<\/style><h2 class=\"elementor-heading-title elementor-size-default\">Bienvenue sur le site de la Danse de l'Ours,  brasserie situ\u00e9e dans la vall\u00e9e de l'Yon (Vend\u00e9e).\n<\/h2>\t\t<\/div>\n\t\t\t\t<\/div>\n\t\t\t\t\t<\/div>\n\t\t<\/div>\n\t\t\t\t\t\t\t<\/div>\n\t\t<\/section>\n\t\t\t\t<section class=\"elementor-section elementor-top-section elementor-element elementor-element-e94bb2b elementor-section-boxed elementor-section-height-default elementor-section-height-default\" data-id=\"e94bb2b\" data-element_type=\"section\">\n\t\t\t\t\t\t<div class=\"elementor-container elementor-column-gap-default\">\n\t\t\t\t\t<div class=\"elementor-column elementor-col-100 elementor-top-column elementor-element elementor-element-af29b2c\" data-id=\"af29b2c\" data-element_type=\"column\">\n\t\t\t<div class=\"elementor-widget-wrap elementor-element-populated\">\n\t\t\t\t\t\t\t\t<div class=\"elementor-element elementor-element-ab7eba9 elementor-widget elementor-widget-text-editor\" data-id=\"ab7eba9\" data-element_type=\"widget\" data-widget_type=\"text-editor.default\">\n\t\t\t\t<div class=\"elementor-widget-container\">\n\t\t\t\t\t\t\t<p><em>Etablie \u00e0 Chaill\u00e9-sous-les-Ormeaux, La Danse de l\u2019Ours est une\u00a0 petite fabrique de bi\u00e8res travaillant majoritairement avec des producteurs du Grand Ouest, des mati\u00e8res premi\u00e8res issues de l\u2019agriculture biologique et dont l\u2019objectif final est de trouver en bout de la chaine des gens heureux de partager une boisson vraiment locale, g\u00e9n\u00e9reuse, vivante et bonne \u00e0 boire* !<\/em><\/p>\n<p><em>* avec mod\u00e9ration bien entendu!<br \/><\/em><\/p>\t\t\t\t\t\t<\/div>\n\t\t\t\t<\/div>\n\t\t\t\t\t<\/div>\n\t\t<\/div>\n\t\t\t\t\t\t\t<\/div>\n\t\t<\/section>\n\t\t\t\t<section class=\"elementor-section elementor-top-section elementor-element elementor-element-c8a3ae8 elementor-section-boxed elementor-section-height-default elementor-section-height-default\" data-id=\"c8a3ae8\" data-element_type=\"section\">\n\t\t\t\t\t\t<div class=\"elementor-container elementor-column-gap-default\">\n\t\t\t\t\t<div class=\"elementor-column elementor-col-50 elementor-top-column elementor-element elementor-element-bf5ea29\" data-id=\"bf5ea29\" data-element_type=\"column\">\n\t\t\t<div class=\"elementor-widget-wrap elementor-element-populated\">\n\t\t\t\t\t\t\t\t<div class=\"elementor-element elementor-element-aa0c58e elementor-widget elementor-widget-text-editor\" data-id=\"aa0c58e\" data-element_type=\"widget\" data-widget_type=\"text-editor.default\">\n\t\t\t\t<div class=\"elementor-widget-container\">\n\t\t\t\t\t\t\t<p><em><strong>Les bi\u00e8res de La Danse de l&rsquo;Ours et les biscuits de La Dalle de l&rsquo;Ourse sont certifi\u00e9s bio, hormis les biscuits \u00ab\u00a0Herbes de Province\u00a0\u00bb (herbes en conversion).<\/strong><\/em><\/p>\t\t\t\t\t\t<\/div>\n\t\t\t\t<\/div>\n\t\t\t\t\t<\/div>\n\t\t<\/div>\n\t\t\t\t<div class=\"elementor-column elementor-col-50 elementor-top-column elementor-element elementor-element-c18790a\" data-id=\"c18790a\" data-element_type=\"column\">\n\t\t\t<div class=\"elementor-widget-wrap elementor-element-populated\">\n\t\t\t\t\t\t\t\t<div class=\"elementor-element elementor-element-c9449c8 elementor-widget elementor-widget-image\" data-id=\"c9449c8\" data-element_type=\"widget\" data-widget_type=\"image.default\">\n\t\t\t\t<div class=\"elementor-widget-container\">\n\t\t\t<style>\/*! elementor - v3.11.3 - 07-03-2023 *\/\n.elementor-widget-image{text-align:center}.elementor-widget-image a{display:inline-block}.elementor-widget-image a img[src$=\".svg\"]{width:48px}.elementor-widget-image img{vertical-align:middle;display:inline-block}<\/style>\t\t\t\t\t\t\t\t\t\t\t\t<img loading=\"lazy\" decoding=\"async\" width=\"413\" height=\"260\" src=\"https:\/\/ladansedelours.fr\/wp-content\/uploads\/2024\/10\/PROJET-ETIQUETTE-BIO-sans-calques.png\" class=\"attachment-large size-large wp-image-772\" alt=\"\" srcset=\"https:\/\/ladansedelours.fr\/wp-content\/uploads\/2024\/10\/PROJET-ETIQUETTE-BIO-sans-calques.png 413w, https:\/\/ladansedelours.fr\/wp-content\/uploads\/2024\/10\/PROJET-ETIQUETTE-BIO-sans-calques-300x189.png 300w\" sizes=\"auto, (max-width: 413px) 100vw, 413px\" \/>\t\t\t\t\t\t\t\t\t\t\t\t\t\t\t<\/div>\n\t\t\t\t<\/div>\n\t\t\t\t\t<\/div>\n\t\t<\/div>\n\t\t\t\t\t\t\t<\/div>\n\t\t<\/section>\n\t\t\t\t\t\t\t<\/div>\n\t\t","protected":false},"excerpt":{"rendered":"<p>Bienvenue sur le site de la Danse de l&rsquo;Ours, brasserie situ\u00e9e dans la vall\u00e9e de&#8230;<\/p>\n<div class=\"more-link-wrapper\"><a class=\"more-link\" href=\"https:\/\/ladansedelours.fr\/\">Read the post<span class=\"screen-reader-text\"><\/span><\/a><\/div>\n","protected":false},"author":1,"featured_media":0,"parent":0,"menu_order":0,"comment_status":"closed","ping_status":"open","template":"","meta":{"footnotes":""},"class_list":["post-2","page","type-page","status-publish","hentry","excerpt","zoom","full-without-featured","even","excerpt-0"],"yoast_head":"<!-- This site is optimized with the Yoast SEO plugin v20.2.1 - https:\/\/yoast.com\/wordpress\/plugins\/seo\/ -->\n<title>brasserie la danse de l&#039;ours accueil<\/title>\n<meta name=\"description\" content=\"Bi\u00e8res brass\u00e9es en Vend\u00e9e \u00e0 Chaill\u00e9-sous-les-Ormeaux (Rives de l&#039;Yon) en Vend\u00e9e, pico brasserie, bi\u00e8res, amour et rock&#039;n&#039;roll\" \/>\n<meta name=\"robots\" content=\"index, follow, max-snippet:-1, max-image-preview:large, max-video-preview:-1\" \/>\n<link rel=\"canonical\" href=\"https:\/\/ladansedelours.fr\/\" \/>\n<meta property=\"og:locale\" content=\"fr_FR\" \/>\n<meta property=\"og:type\" content=\"article\" \/>\n<meta property=\"og:title\" content=\"brasserie la danse de l&#039;ours accueil\" \/>\n<meta property=\"og:url\" content=\"https:\/\/ladansedelours.fr\/\" \/>\n<meta property=\"og:site_name\" content=\"Brasserie La Danse de l&#039;Ours\" \/>\n<meta property=\"article:publisher\" content=\"https:\/\/www.facebook.com\/brasserieladansedelours\" \/>\n<meta property=\"article:modified_time\" content=\"2025-10-24T09:41:01+00:00\" \/>\n<meta property=\"og:image\" content=\"http:\/\/ladansedelours.fr\/wp-content\/uploads\/2023\/03\/326418449_701706158298000_3284889841456524015_n-1.jpg\" \/>\n<meta name=\"twitter:card\" content=\"summary_large_image\" \/>\n<meta name=\"twitter:label1\" content=\"Dur\u00e9e de lecture estim\u00e9e\" \/>\n\t<meta name=\"twitter:data1\" content=\"1 minute\" \/>\n<script type=\"application\/ld+json\" class=\"yoast-schema-graph\">{\"@context\":\"https:\/\/schema.org\",\"@graph\":[{\"@type\":\"WebPage\",\"@id\":\"https:\/\/ladansedelours.fr\/\",\"url\":\"https:\/\/ladansedelours.fr\/\",\"name\":\"brasserie la danse de l'ours accueil\",\"isPartOf\":{\"@id\":\"https:\/\/ladansedelours.fr\/#website\"},\"datePublished\":\"2023-03-10T16:38:41+00:00\",\"dateModified\":\"2025-10-24T09:41:01+00:00\",\"description\":\"Bi\u00e8res brass\u00e9es en Vend\u00e9e \u00e0 Chaill\u00e9-sous-les-Ormeaux (Rives de l'Yon) en Vend\u00e9e, pico brasserie, bi\u00e8res, amour et rock'n'roll\",\"inLanguage\":\"fr-FR\",\"potentialAction\":[{\"@type\":\"ReadAction\",\"target\":[\"https:\/\/ladansedelours.fr\/\"]}]},{\"@type\":\"WebSite\",\"@id\":\"https:\/\/ladansedelours.fr\/#website\",\"url\":\"https:\/\/ladansedelours.fr\/\",\"name\":\"Brasserie La Danse de l&#039;Ours\",\"description\":\"\",\"publisher\":{\"@id\":\"https:\/\/ladansedelours.fr\/#organization\"},\"potentialAction\":[{\"@type\":\"SearchAction\",\"target\":{\"@type\":\"EntryPoint\",\"urlTemplate\":\"https:\/\/ladansedelours.fr\/?s={search_term_string}\"},\"query-input\":\"required name=search_term_string\"}],\"inLanguage\":\"fr-FR\"},{\"@type\":\"Organization\",\"@id\":\"https:\/\/ladansedelours.fr\/#organization\",\"name\":\"Brasserie La Danse de l&#039;Ours\",\"url\":\"https:\/\/ladansedelours.fr\/\",\"logo\":{\"@type\":\"ImageObject\",\"inLanguage\":\"fr-FR\",\"@id\":\"https:\/\/ladansedelours.fr\/#\/schema\/logo\/image\/\",\"url\":\"http:\/\/ladansedelours.fr\/wp-content\/uploads\/2023\/03\/326418449_701706158298000_3284889841456524015_n-1.jpg\",\"contentUrl\":\"http:\/\/ladansedelours.fr\/wp-content\/uploads\/2023\/03\/326418449_701706158298000_3284889841456524015_n-1.jpg\",\"width\":851,\"height\":315,\"caption\":\"Brasserie La Danse de l&#039;Ours\"},\"image\":{\"@id\":\"https:\/\/ladansedelours.fr\/#\/schema\/logo\/image\/\"},\"sameAs\":[\"https:\/\/www.facebook.com\/brasserieladansedelours\",\"https:\/\/www.instagram.com\/ladanse_delours\/\"]}]}<\/script>\n<!-- \/ Yoast SEO plugin. -->","yoast_head_json":{"title":"brasserie la danse de l'ours accueil","description":"Bi\u00e8res brass\u00e9es en Vend\u00e9e \u00e0 Chaill\u00e9-sous-les-Ormeaux (Rives de l'Yon) en Vend\u00e9e, pico brasserie, bi\u00e8res, amour et rock'n'roll","robots":{"index":"index","follow":"follow","max-snippet":"max-snippet:-1","max-image-preview":"max-image-preview:large","max-video-preview":"max-video-preview:-1"},"canonical":"https:\/\/ladansedelours.fr\/","og_locale":"fr_FR","og_type":"article","og_title":"brasserie la danse de l'ours accueil","og_url":"https:\/\/ladansedelours.fr\/","og_site_name":"Brasserie La Danse de l&#039;Ours","article_publisher":"https:\/\/www.facebook.com\/brasserieladansedelours","article_modified_time":"2025-10-24T09:41:01+00:00","og_image":[{"url":"http:\/\/ladansedelours.fr\/wp-content\/uploads\/2023\/03\/326418449_701706158298000_3284889841456524015_n-1.jpg"}],"twitter_card":"summary_large_image","twitter_misc":{"Dur\u00e9e de lecture estim\u00e9e":"1 minute"},"schema":{"@context":"https:\/\/schema.org","@graph":[{"@type":"WebPage","@id":"https:\/\/ladansedelours.fr\/","url":"https:\/\/ladansedelours.fr\/","name":"brasserie la danse de l'ours accueil","isPartOf":{"@id":"https:\/\/ladansedelours.fr\/#website"},"datePublished":"2023-03-10T16:38:41+00:00","dateModified":"2025-10-24T09:41:01+00:00","description":"Bi\u00e8res brass\u00e9es en Vend\u00e9e \u00e0 Chaill\u00e9-sous-les-Ormeaux (Rives de l'Yon) en Vend\u00e9e, pico brasserie, bi\u00e8res, amour et rock'n'roll","inLanguage":"fr-FR","potentialAction":[{"@type":"ReadAction","target":["https:\/\/ladansedelours.fr\/"]}]},{"@type":"WebSite","@id":"https:\/\/ladansedelours.fr\/#website","url":"https:\/\/ladansedelours.fr\/","name":"Brasserie La Danse de l&#039;Ours","description":"","publisher":{"@id":"https:\/\/ladansedelours.fr\/#organization"},"potentialAction":[{"@type":"SearchAction","target":{"@type":"EntryPoint","urlTemplate":"https:\/\/ladansedelours.fr\/?s={search_term_string}"},"query-input":"required name=search_term_string"}],"inLanguage":"fr-FR"},{"@type":"Organization","@id":"https:\/\/ladansedelours.fr\/#organization","name":"Brasserie La Danse de l&#039;Ours","url":"https:\/\/ladansedelours.fr\/","logo":{"@type":"ImageObject","inLanguage":"fr-FR","@id":"https:\/\/ladansedelours.fr\/#\/schema\/logo\/image\/","url":"http:\/\/ladansedelours.fr\/wp-content\/uploads\/2023\/03\/326418449_701706158298000_3284889841456524015_n-1.jpg","contentUrl":"http:\/\/ladansedelours.fr\/wp-content\/uploads\/2023\/03\/326418449_701706158298000_3284889841456524015_n-1.jpg","width":851,"height":315,"caption":"Brasserie La Danse de l&#039;Ours"},"image":{"@id":"https:\/\/ladansedelours.fr\/#\/schema\/logo\/image\/"},"sameAs":["https:\/\/www.facebook.com\/brasserieladansedelours","https:\/\/www.instagram.com\/ladanse_delours\/"]}]}},"_links":{"self":[{"href":"https:\/\/ladansedelours.fr\/index.php\/wp-json\/wp\/v2\/pages\/2","targetHints":{"allow":["GET"]}}],"collection":[{"href":"https:\/\/ladansedelours.fr\/index.php\/wp-json\/wp\/v2\/pages"}],"about":[{"href":"https:\/\/ladansedelours.fr\/index.php\/wp-json\/wp\/v2\/types\/page"}],"author":[{"embeddable":true,"href":"https:\/\/ladansedelours.fr\/index.php\/wp-json\/wp\/v2\/users\/1"}],"replies":[{"embeddable":true,"href":"https:\/\/ladansedelours.fr\/index.php\/wp-json\/wp\/v2\/comments?post=2"}],"version-history":[{"count":29,"href":"https:\/\/ladansedelours.fr\/index.php\/wp-json\/wp\/v2\/pages\/2\/revisions"}],"predecessor-version":[{"id":1057,"href":"https:\/\/ladansedelours.fr\/index.php\/wp-json\/wp\/v2\/pages\/2\/revisions\/1057"}],"wp:attachment":[{"href":"https:\/\/ladansedelours.fr\/index.php\/wp-json\/wp\/v2\/media?parent=2"}],"curies":[{"name":"wp","href":"https:\/\/api.w.org\/{rel}","templated":true}]}}